{"id":9906,"date":"2019-02-19T09:41:54","date_gmt":"2019-02-19T09:41:54","guid":{"rendered":"http:\/\/www.ppdelugo.com\/?page_id=9906"},"modified":"2019-04-26T12:33:23","modified_gmt":"2019-04-26T12:33:23","slug":"lugo-en-marcha-con-la-seguridad-y-la-convivencia","status":"publish","type":"page","link":"https:\/\/www.ppdelugo.com\/es\/lugo-en-marcha-con-la-seguridad-y-la-convivencia\/","title":{"rendered":"Lugo en marcha con la seguridade y la convivencia"},"content":{"rendered":"[vc_row type=\u00bbin_container\u00bb full_screen_row_position=\u00bbmiddle\u00bb scene_position=\u00bbcenter\u00bb text_color=\u00bbdark\u00bb text_align=\u00bbleft\u00bb overlay_strength=\u00bb0.3&#8243; shape_divider_position=\u00bbbottom\u00bb shape_type=\u00bb\u00bb][vc_column column_padding=\u00bbno-extra-padding\u00bb column_padding_position=\u00bball\u00bb background_color_opacity=\u00bb1&#8243; background_hover_color_opacity=\u00bb1&#8243; column_link_target=\u00bb_self\u00bb column_shadow=\u00bbnone\u00bb column_border_radius=\u00bbnone\u00bb width=\u00bb1\/1&#8243; tablet_width_inherit=\u00bbdefault\u00bb tablet_text_alignment=\u00bbdefault\u00bb phone_text_alignment=\u00bbdefault\u00bb column_border_width=\u00bbnone\u00bb column_border_style=\u00bbsolid\u00bb][image_with_animation image_url=\u00bb9924&#8243; alignment=\u00bb\u00bb animation=\u00bbFade In\u00bb border_radius=\u00bbnone\u00bb box_shadow=\u00bbnone\u00bb max_width=\u00bb100%\u00bb][\/vc_column][\/vc_row][vc_row type=\u00bbfull_width_background\u00bb full_screen_row_position=\u00bbmiddle\u00bb bg_color=\u00bb#ffffff\u00bb scene_position=\u00bbcenter\u00bb text_color=\u00bbdark\u00bb text_align=\u00bbleft\u00bb top_padding=\u00bb5%\u00bb bottom_padding=\u00bb5%\u00bb overlay_strength=\u00bb0.3&#8243; shape_divider_position=\u00bbbottom\u00bb][vc_column column_padding=\u00bbpadding-2-percent\u00bb column_padding_position=\u00bball\u00bb background_color_opacity=\u00bb1&#8243; background_hover_color_opacity=\u00bb1&#8243; column_link_target=\u00bb_self\u00bb column_shadow=\u00bbnone\u00bb column_border_radius=\u00bbnone\u00bb width=\u00bb1\/1&#8243; tablet_width_inherit=\u00bbdefault\u00bb tablet_text_alignment=\u00bbdefault\u00bb phone_text_alignment=\u00bbdefault\u00bb column_border_width=\u00bbnone\u00bb column_border_style=\u00bbsolid\u00bb][vc_column_text]\n<h2 style=\"color: #1e83ec;\"><span style=\"color: #00b5fe;\">Lugo en marcha con la seguridad y la convivencia<\/span><\/h2>\n<div class=\"page\" title=\"Page 21\">\n<div class=\"section\">\n<div class=\"layoutArea\">\n<div class=\"column\">\n<p><strong>PONDREMOS EN MARCHA UN NUEVO MODELO DE POLIC\u00cdA LOCAL QUE EST\u00c9 M\u00c1S CERCA DE LOS CIUDADANOS<\/strong><\/p>\n<p>Para esto trabajaremos en siete direcciones:<br \/>\nCubrir de forma gradual las vacantes de agentes y mandos estructurando unorganigrama de la polic\u00eda del siglo XXI.<\/p>\n<p><strong>Crearemos unidades especializadas:<\/strong><\/p>\n<p>Un grupo de control judicial de tr\u00e1fico: esta unidad se encargar\u00eda de llevar a caboinformes criminol\u00f3gicos referidos a unas causas determinadas, como pueden seraltos grados de alcohol y drogas o accidentes de tr\u00e1fico con resultado de muerte.<\/p>\n<p>Una unidad administrativa para el control del cumplimiento de las ordenanzas dictadas por el Ayuntamiento.<\/p>\n<p>Unidades especializadas en violencia de g\u00e9nero, mediaci\u00f3n en conflictos ypolic\u00eda judicial.<\/p>\n<p>Nos implicaremos en la seguridad en las parroquias del rural con la presencia de la Polic\u00eda Local en coordinaci\u00f3n con la Polic\u00eda Nacional.<\/p>\n<p>Intensificaremos la presencia de agentes en la calle con servicios de patrulla tanto a pie como en moto todo el a\u00f1o.<\/p>\n<p>Renovaremos los medios t\u00e9cnicos.<\/p>\n<p>Habilitaremos un gabinete de formaci\u00f3n permanente que facilite acciones formativaspara los agentes.<br \/>\n<strong><br \/>\nDescentralizaremos las oficinas de la Polic\u00eda Local para acercar el servicio al ciudadano:<\/strong><\/p>\n<p>Crearemos una oficina de Polic\u00eda Local en la zona norte de la ciudad pararesponder a las nuevas realidades de Lugo.<\/p>\n<p>Abriremos una oficina administrativa en el edificio del Seminario de la Ronda da Muralla a modo de extensi\u00f3n de la jefatura de Sanfiz que servir\u00eda para solicitar autorizaciones de veh\u00edculos en el centro hist\u00f3rico, recogida de objetos perdidos&#8230;etc.<\/p>\n<p>Intensificaremos los protocolos de colaboraci\u00f3n entre diferentes cuerpos y fuerzas de seguridad.<\/p>\n<\/div>\n<\/div>\n<div class=\"layoutArea\">\n<div class=\"column\"><\/div>\n<\/div>\n<\/div>\n<\/div>\n<div class=\"page\" title=\"Page 22\">\n<div class=\"layoutArea\">\n<div class=\"column\">\n<p><strong>AMPLIAR LA PLANTILLA DE BOMBEROS CON EFECTOS SUFICIENTES PARA UNA CIUDAD DE 100.000 HABITANTES<\/strong><\/p>\n<p>Pondremos a su disposici\u00f3n efectivos para cumplir con la proporci\u00f3n de 1 bombero por 1.000habitantes. Tambi\u00e9n mejoraremos los sistemas de comunicaci\u00f3n.<\/p>\n<p><strong>ACTUALIZAREMOS EL PLAN DE EMERGENCIAS MUNICIPAL<\/strong><\/p>\n<p>Lleva 11 a\u00f1os sin revisi\u00f3n y, tal y como est\u00e1, no sirve para abordar los riesgos que podr\u00edan surgir en Lugo porque est\u00e1 obsoleto y no se adapta a la realidad.<\/p>\n<p><strong>ELABORAREMOS ANTES DE TERMINAR EL A\u00d1O 2019 UNA NUEVA ORDENANZA DE CONVIVENCIA<\/strong><\/p>\n<p>Aplicaremos el principio de \u201cventana rota\u201d, de eficacia probada en las ciudades mejor gestionadas del mundo, remediando en 24 horas cualquier tipo de acto vand\u00e1lico.<\/p>\n<p><strong>CREAREMOS UNA OFICINA DE ASESORAMIENTO PARA LOS CIUDADANOS AFECTADOS POR LA OCUPACION ILEGAL DE VIVIENDAS.<\/strong><\/p>\n<p><strong>IMPLANTAREMOS UN SISTEMA DE VIDEOVIGILANCIA EN EL ENTORNO DOS LOS MONUMENTOS M\u00c1S EMBLEM\u00c1TICOS<\/strong><\/p>\n<p>As\u00ed como en pol\u00edgonos industriales para mejorar la seguridad y evitar actos vand\u00e1licos y robos.<\/p>\n<\/div>\n<\/div>\n<\/div>\n<p style=\"text-align: center;\"><a class=\"nectar-button n-sc-button medium see-through-2 has-icon\"  href=\"http:\/\/www.ppdelugo.com\/es\/lugo-en-marcha\/\" data-color-override=\"#0bb2ff\"  data-hover-color-override=\"##0bb2ff\" data-hover-text-color-override=\"#0bb2ff\"><span>Regresar a las propuestas<\/span><i class=\"steadysets-icon-arrow-right\"><\/i><\/a>\n[\/vc_column_text][\/vc_column][\/vc_row]\n","protected":false},"excerpt":{"rendered":"<p>[vc_row type=\u00bbin_container\u00bb full_screen_row_position=\u00bbmiddle\u00bb scene_position=\u00bbcenter\u00bb text_color=\u00bbdark\u00bb text_align=\u00bbleft\u00bb overlay_strength=\u00bb0.3&#8243; shape_divider_position=\u00bbbottom\u00bb shape_type=\u00bb\u00bb][vc_column column_padding=\u00bbno-extra-padding\u00bb column_padding_position=\u00bball\u00bb background_color_opacity=\u00bb1&#8243; background_hover_color_opacity=\u00bb1&#8243; column_link_target=\u00bb_self\u00bb column_shadow=\u00bbnone\u00bb column_border_radius=\u00bbnone\u00bb width=\u00bb1\/1&#8243; tablet_width_inherit=\u00bbdefault\u00bb tablet_text_alignment=\u00bbdefault\u00bb phone_text_alignment=\u00bbdefault\u00bb column_border_width=\u00bbnone\u00bb column_border_style=\u00bbsolid\u00bb][image_with_animation image_url=\u00bb9924&#8243; alignment=\u00bb\u00bb animation=\u00bbFade In\u00bb border_radius=\u00bbnone\u00bb box_shadow=\u00bbnone\u00bb max_width=\u00bb100%\u00bb][\/vc_column][\/vc_row][vc_row type=\u00bbfull_width_background\u00bb&#8230;<\/p>\n","protected":false},"author":8,"featured_media":0,"parent":0,"menu_order":0,"comment_status":"closed","ping_status":"closed","template":"","meta":{"footnotes":""},"class_list":["post-9906","page","type-page","status-publish"],"yoast_head":"<!-- This site is optimized with the Yoast SEO plugin v27.4 - https:\/\/yoast.com\/product\/yoast-seo-wordpress\/ -->\n<title>Lugo en marcha con la seguridade y la convivencia - Grupo Municipal Partido Popular de Lugo<\/title>\n<meta name=\"robots\" content=\"index, follow, max-snippet:-1, max-image-preview:large, max-video-preview:-1\" \/>\n<link rel=\"canonical\" href=\"https:\/\/www.ppdelugo.com\/es\/lugo-en-marcha-con-la-seguridad-y-la-convivencia\/\" \/>\n<meta property=\"og:locale\" content=\"es_ES\" \/>\n<meta property=\"og:type\" content=\"article\" \/>\n<meta property=\"og:title\" content=\"Lugo en marcha con la seguridade y la convivencia - Grupo Municipal Partido Popular de Lugo\" \/>\n<meta property=\"og:description\" content=\"[vc_row type=\u00bbin_container\u00bb full_screen_row_position=\u00bbmiddle\u00bb scene_position=\u00bbcenter\u00bb text_color=\u00bbdark\u00bb text_align=\u00bbleft\u00bb overlay_strength=\u00bb0.3&#8243; shape_divider_position=\u00bbbottom\u00bb shape_type=\u00bb\u00bb][vc_column column_padding=\u00bbno-extra-padding\u00bb column_padding_position=\u00bball\u00bb background_color_opacity=\u00bb1&#8243; background_hover_color_opacity=\u00bb1&#8243; column_link_target=\u00bb_self\u00bb column_shadow=\u00bbnone\u00bb column_border_radius=\u00bbnone\u00bb width=\u00bb1\/1&#8243; tablet_width_inherit=\u00bbdefault\u00bb tablet_text_alignment=\u00bbdefault\u00bb phone_text_alignment=\u00bbdefault\u00bb column_border_width=\u00bbnone\u00bb column_border_style=\u00bbsolid\u00bb][image_with_animation image_url=\u00bb9924&#8243; alignment=\u00bb\u00bb animation=\u00bbFade In\u00bb border_radius=\u00bbnone\u00bb box_shadow=\u00bbnone\u00bb max_width=\u00bb100%\u00bb][\/vc_column][\/vc_row][vc_row type=\u00bbfull_width_background\u00bb...\" \/>\n<meta property=\"og:url\" content=\"https:\/\/www.ppdelugo.com\/es\/lugo-en-marcha-con-la-seguridad-y-la-convivencia\/\" \/>\n<meta property=\"og:site_name\" content=\"Grupo Municipal Partido Popular de Lugo\" \/>\n<meta property=\"article:modified_time\" content=\"2019-04-26T12:33:23+00:00\" \/>\n<meta name=\"twitter:card\" content=\"summary_large_image\" \/>\n<meta name=\"twitter:label1\" content=\"Tiempo de lectura\" \/>\n\t<meta name=\"twitter:data1\" content=\"3 minutos\" \/>\n<script type=\"application\/ld+json\" class=\"yoast-schema-graph\">{\"@context\":\"https:\\\/\\\/schema.org\",\"@graph\":[{\"@type\":\"WebPage\",\"@id\":\"https:\\\/\\\/www.ppdelugo.com\\\/es\\\/lugo-en-marcha-con-la-seguridad-y-la-convivencia\\\/\",\"url\":\"https:\\\/\\\/www.ppdelugo.com\\\/es\\\/lugo-en-marcha-con-la-seguridad-y-la-convivencia\\\/\",\"name\":\"Lugo en marcha con la seguridade y la convivencia - Grupo Municipal Partido Popular de Lugo\",\"isPartOf\":{\"@id\":\"https:\\\/\\\/www.ppdelugo.com\\\/es\\\/#website\"},\"datePublished\":\"2019-02-19T09:41:54+00:00\",\"dateModified\":\"2019-04-26T12:33:23+00:00\",\"breadcrumb\":{\"@id\":\"https:\\\/\\\/www.ppdelugo.com\\\/es\\\/lugo-en-marcha-con-la-seguridad-y-la-convivencia\\\/#breadcrumb\"},\"inLanguage\":\"es\",\"potentialAction\":[{\"@type\":\"ReadAction\",\"target\":[\"https:\\\/\\\/www.ppdelugo.com\\\/es\\\/lugo-en-marcha-con-la-seguridad-y-la-convivencia\\\/\"]}]},{\"@type\":\"BreadcrumbList\",\"@id\":\"https:\\\/\\\/www.ppdelugo.com\\\/es\\\/lugo-en-marcha-con-la-seguridad-y-la-convivencia\\\/#breadcrumb\",\"itemListElement\":[{\"@type\":\"ListItem\",\"position\":1,\"name\":\"Portada\",\"item\":\"https:\\\/\\\/www.ppdelugo.com\\\/es\\\/\"},{\"@type\":\"ListItem\",\"position\":2,\"name\":\"Lugo en marcha con la seguridade y la convivencia\"}]},{\"@type\":\"WebSite\",\"@id\":\"https:\\\/\\\/www.ppdelugo.com\\\/es\\\/#website\",\"url\":\"https:\\\/\\\/www.ppdelugo.com\\\/es\\\/\",\"name\":\"Grupo Municipal Partido Popular de Lugo\",\"description\":\"Web del Grupo Municipal del Partido Popular en el Ayuntamiento de Lugo, con informaci\u00f3n sobre Lugo y fomento de la participaci\u00f3n ciudadana\",\"potentialAction\":[{\"@type\":\"SearchAction\",\"target\":{\"@type\":\"EntryPoint\",\"urlTemplate\":\"https:\\\/\\\/www.ppdelugo.com\\\/es\\\/?s={search_term_string}\"},\"query-input\":{\"@type\":\"PropertyValueSpecification\",\"valueRequired\":true,\"valueName\":\"search_term_string\"}}],\"inLanguage\":\"es\"}]}<\/script>\n<!-- \/ Yoast SEO plugin. -->","yoast_head_json":{"title":"Lugo en marcha con la seguridade y la convivencia - Grupo Municipal Partido Popular de Lugo","robots":{"index":"index","follow":"follow","max-snippet":"max-snippet:-1","max-image-preview":"max-image-preview:large","max-video-preview":"max-video-preview:-1"},"canonical":"https:\/\/www.ppdelugo.com\/es\/lugo-en-marcha-con-la-seguridad-y-la-convivencia\/","og_locale":"es_ES","og_type":"article","og_title":"Lugo en marcha con la seguridade y la convivencia - Grupo Municipal Partido Popular de Lugo","og_description":"[vc_row type=\u00bbin_container\u00bb full_screen_row_position=\u00bbmiddle\u00bb scene_position=\u00bbcenter\u00bb text_color=\u00bbdark\u00bb text_align=\u00bbleft\u00bb overlay_strength=\u00bb0.3&#8243; shape_divider_position=\u00bbbottom\u00bb shape_type=\u00bb\u00bb][vc_column column_padding=\u00bbno-extra-padding\u00bb column_padding_position=\u00bball\u00bb background_color_opacity=\u00bb1&#8243; background_hover_color_opacity=\u00bb1&#8243; column_link_target=\u00bb_self\u00bb column_shadow=\u00bbnone\u00bb column_border_radius=\u00bbnone\u00bb width=\u00bb1\/1&#8243; tablet_width_inherit=\u00bbdefault\u00bb tablet_text_alignment=\u00bbdefault\u00bb phone_text_alignment=\u00bbdefault\u00bb column_border_width=\u00bbnone\u00bb column_border_style=\u00bbsolid\u00bb][image_with_animation image_url=\u00bb9924&#8243; alignment=\u00bb\u00bb animation=\u00bbFade In\u00bb border_radius=\u00bbnone\u00bb box_shadow=\u00bbnone\u00bb max_width=\u00bb100%\u00bb][\/vc_column][\/vc_row][vc_row type=\u00bbfull_width_background\u00bb...","og_url":"https:\/\/www.ppdelugo.com\/es\/lugo-en-marcha-con-la-seguridad-y-la-convivencia\/","og_site_name":"Grupo Municipal Partido Popular de Lugo","article_modified_time":"2019-04-26T12:33:23+00:00","twitter_card":"summary_large_image","twitter_misc":{"Tiempo de lectura":"3 minutos"},"schema":{"@context":"https:\/\/schema.org","@graph":[{"@type":"WebPage","@id":"https:\/\/www.ppdelugo.com\/es\/lugo-en-marcha-con-la-seguridad-y-la-convivencia\/","url":"https:\/\/www.ppdelugo.com\/es\/lugo-en-marcha-con-la-seguridad-y-la-convivencia\/","name":"Lugo en marcha con la seguridade y la convivencia - Grupo Municipal Partido Popular de Lugo","isPartOf":{"@id":"https:\/\/www.ppdelugo.com\/es\/#website"},"datePublished":"2019-02-19T09:41:54+00:00","dateModified":"2019-04-26T12:33:23+00:00","breadcrumb":{"@id":"https:\/\/www.ppdelugo.com\/es\/lugo-en-marcha-con-la-seguridad-y-la-convivencia\/#breadcrumb"},"inLanguage":"es","potentialAction":[{"@type":"ReadAction","target":["https:\/\/www.ppdelugo.com\/es\/lugo-en-marcha-con-la-seguridad-y-la-convivencia\/"]}]},{"@type":"BreadcrumbList","@id":"https:\/\/www.ppdelugo.com\/es\/lugo-en-marcha-con-la-seguridad-y-la-convivencia\/#breadcrumb","itemListElement":[{"@type":"ListItem","position":1,"name":"Portada","item":"https:\/\/www.ppdelugo.com\/es\/"},{"@type":"ListItem","position":2,"name":"Lugo en marcha con la seguridade y la convivencia"}]},{"@type":"WebSite","@id":"https:\/\/www.ppdelugo.com\/es\/#website","url":"https:\/\/www.ppdelugo.com\/es\/","name":"Grupo Municipal Partido Popular de Lugo","description":"Web del Grupo Municipal del Partido Popular en el Ayuntamiento de Lugo, con informaci\u00f3n sobre Lugo y fomento de la participaci\u00f3n ciudadana","potentialAction":[{"@type":"SearchAction","target":{"@type":"EntryPoint","urlTemplate":"https:\/\/www.ppdelugo.com\/es\/?s={search_term_string}"},"query-input":{"@type":"PropertyValueSpecification","valueRequired":true,"valueName":"search_term_string"}}],"inLanguage":"es"}]}},"_links":{"self":[{"href":"https:\/\/www.ppdelugo.com\/es\/wp-json\/wp\/v2\/pages\/9906","targetHints":{"allow":["GET"]}}],"collection":[{"href":"https:\/\/www.ppdelugo.com\/es\/wp-json\/wp\/v2\/pages"}],"about":[{"href":"https:\/\/www.ppdelugo.com\/es\/wp-json\/wp\/v2\/types\/page"}],"author":[{"embeddable":true,"href":"https:\/\/www.ppdelugo.com\/es\/wp-json\/wp\/v2\/users\/8"}],"replies":[{"embeddable":true,"href":"https:\/\/www.ppdelugo.com\/es\/wp-json\/wp\/v2\/comments?post=9906"}],"version-history":[{"count":0,"href":"https:\/\/www.ppdelugo.com\/es\/wp-json\/wp\/v2\/pages\/9906\/revisions"}],"wp:attachment":[{"href":"https:\/\/www.ppdelugo.com\/es\/wp-json\/wp\/v2\/media?parent=9906"}],"curies":[{"name":"wp","href":"https:\/\/api.w.org\/{rel}","templated":true}]}}