{"id":9903,"date":"2019-02-19T10:00:06","date_gmt":"2019-02-19T10:00:06","guid":{"rendered":"http:\/\/www.ppdelugo.com\/?page_id=9903"},"modified":"2019-04-26T12:11:01","modified_gmt":"2019-04-26T12:11:01","slug":"lugo-en-marcha-con-la-mobilidad","status":"publish","type":"page","link":"https:\/\/www.ppdelugo.com\/es\/lugo-en-marcha-con-la-mobilidad\/","title":{"rendered":"Lugo en marcha con la mobilidad"},"content":{"rendered":"[vc_row type=\u00bbin_container\u00bb full_screen_row_position=\u00bbmiddle\u00bb scene_position=\u00bbcenter\u00bb text_color=\u00bbdark\u00bb text_align=\u00bbleft\u00bb overlay_strength=\u00bb0.3&#8243; shape_divider_position=\u00bbbottom\u00bb shape_type=\u00bb\u00bb][vc_column column_padding=\u00bbno-extra-padding\u00bb column_padding_position=\u00bball\u00bb background_color_opacity=\u00bb1&#8243; background_hover_color_opacity=\u00bb1&#8243; column_link_target=\u00bb_self\u00bb column_shadow=\u00bbnone\u00bb column_border_radius=\u00bbnone\u00bb width=\u00bb1\/1&#8243; tablet_width_inherit=\u00bbdefault\u00bb tablet_text_alignment=\u00bbdefault\u00bb phone_text_alignment=\u00bbdefault\u00bb column_border_width=\u00bbnone\u00bb column_border_style=\u00bbsolid\u00bb][image_with_animation image_url=\u00bb9918&#8243; alignment=\u00bb\u00bb animation=\u00bbFade In\u00bb border_radius=\u00bbnone\u00bb box_shadow=\u00bbnone\u00bb max_width=\u00bb100%\u00bb][\/vc_column][\/vc_row][vc_row type=\u00bbfull_width_background\u00bb full_screen_row_position=\u00bbmiddle\u00bb bg_color=\u00bb#ffffff\u00bb scene_position=\u00bbcenter\u00bb text_color=\u00bbdark\u00bb text_align=\u00bbleft\u00bb top_padding=\u00bb5%\u00bb bottom_padding=\u00bb5%\u00bb overlay_strength=\u00bb0.3&#8243; shape_divider_position=\u00bbbottom\u00bb][vc_column column_padding=\u00bbpadding-2-percent\u00bb column_padding_position=\u00bball\u00bb background_color_opacity=\u00bb1&#8243; background_hover_color_opacity=\u00bb1&#8243; column_link_target=\u00bb_self\u00bb column_shadow=\u00bbnone\u00bb column_border_radius=\u00bbnone\u00bb width=\u00bb1\/1&#8243; tablet_width_inherit=\u00bbdefault\u00bb tablet_text_alignment=\u00bbdefault\u00bb phone_text_alignment=\u00bbdefault\u00bb column_border_width=\u00bbnone\u00bb column_border_style=\u00bbsolid\u00bb][vc_column_text]\n<h2 style=\"color: #1e83ec;\"><span style=\"color: #00b5fe;\">PLAN MOBILIDAD URBANA Y SOSTIBLE DE LUGO <\/span><\/h2>\n<div class=\"page\" title=\"Page 7\">\n<div class=\"section\">\n<div class=\"layoutArea\">\n<div class=\"column\">\n<p>Proponemos un Plan de Movilidad Urbana Sostenible que pivota en 8 acciones:<\/p>\n<p><strong><span style=\"color: #00b5fe;\">POTENCIAREMOS EL TRANSPORTE URBANO PROMOVEREMOS LA REESTRUCTURACI\u00d3N INTEGRAL DEL TRANSPORTE P\u00daBLICO<\/span><\/strong><\/p>\n<ul>\n<li>L\u00edneas m\u00e1s cortas con frecuencias de 10 a 15 minutos que cubran todo el municipio.Transbordos gratuitos, estableciendo puntos que sirvan de nudo para facilitar los transbordos.<\/li>\n<li>Gratuidad para menores de 18 a\u00f1os, jubilados y familias con pocos recursos.Creaci\u00f3n de una APP para m\u00f3viles para informar, en tiempo real, de la llegada de<\/li>\n<li>autobuses, frecuencias, enlaces y posibles incidencias en el servicio.<\/li>\n<li>Mejoraremos la informaci\u00f3n de las paradas con la puesta en marcha de los panelesdigitales y con la colocaci\u00f3n de nuevos paneles informativos.<\/li>\n<\/ul>\n<p><strong><span style=\"color: #00b5fe;\">NUEVO SISTEMA ORA<\/span><\/strong><\/p>\n<ul>\n<li>Proponemos un sistema de rotaci\u00f3n gratuito controlado directamente por el Ayun- tamiento, mediante un veh\u00edculo con un sistema de lectura de registros o con discos que indiquen la hora de llegada.<\/li>\n<li>Este sistema ser\u00e1 instalado en \u00e1reas con dificultades de estacionamiento (casco his- t\u00f3rico, A Milagrosa, Agua F\u00e9rreas, Fonti\u00f1as o San Roque&#8230;), para dinamizar el comerciolocal permitiendo aparcar, dependiendo del \u00e1rea, entre 30 minutos y 2 horas. Tambi\u00e9nentregaremos tarjetas para residentes.<\/li>\n<li>Retiraremos las m\u00e1quinas de le Ora de la ciudad.<\/li>\n<\/ul>\n<\/div>\n<\/div>\n<\/div>\n<\/div>\n<div class=\"page\" title=\"Page 8\">\n<div class=\"section\">\n<div class=\"layoutArea\">\n<div class=\"column\">\n<p><strong><span style=\"color: #00b5fe;\">APARCAMIENTOS MUNICIPALES<\/span><\/strong><\/p>\n<ul>\n<li>Ampliaremos las dimensiones de las plazas de los aparcamientos municipales deSanto Domingo, Praza do Ferrol y Praza da Constituci\u00f3n.<\/li>\n<li>Habilitaremos nuevos aparcamientos disuasorios en parcelas municipales y estable-ceremos convenios con propietarios de parcelas para habilitar nuevos aparcamientos disuasorios a trav\u00e9s de exenciones o bonificaciones.<\/li>\n<li>Sacaremos a concurso el aparcamiento de la plaza Viana do Castelo; las dos primerashoras de estacionamiento ser\u00e1n gratuitas.<\/li>\n<li>Proponemos realizar un estudio del tr\u00e1fico y la organizaci\u00f3n del entorno de la Plaza de Aguas F\u00e9rreas para implantar aparcamientos en bater\u00eda.<\/li>\n<\/ul>\n<p>&nbsp;<\/p>\n<p><strong><span style=\"color: #00b5fe;\">MOVILIDAD PEATONAL<\/span><\/strong><\/p>\n<p><strong>EN ESTE BLOQUE, PROPONEMOS MEDIDAS QUE CONTRIBUYAN A LA PROMOCI\u00d3N DEL H\u00c1- BITO DE CAMINAR<\/strong><\/p>\n<ul>\n<li>Proponemos acondicionar un trazado de ejes continuos y seguros que crucen laciudad.<\/li>\n<li>Crearemos #Lugociudadquecamina con la puesta en marcha del metrominuto, que es un plano que indica distancias y tiempos entre varios puntos de la ciudad con la idea de promocionar el desplazamiento a pie.<\/li>\n<li>Avanzaremos en la peatonalizaci\u00f3n de la Ronda de la Muralla; abriremos el tramo de la zona de la Mosquera, desde la Praza da Constituci\u00f3n y la puerta de San Pedro.<\/li>\n<li>Emprenderemos la peatonalizaci\u00f3n completa de la ronda interior de la Muralla.<\/li>\n<li>Ampliaremos el \u00e1mbito de actuaci\u00f3n de la peatonalizaci\u00f3n de Quiroga Ballesteros,<\/li>\n<li>en la zona que linda con la parte trasera del cuartel de San Fernando, entre las calles SanFroil\u00e1n y Bola\u00f1o Rivadeneira.<\/li>\n<li>Avanzaremos en la mejora de la movilidad vertical, intervendremos en nuevos pun- tos, como la escalinata del barrio de la estaci\u00f3n o la zona de Volta da Vi\u00f1a.<\/li>\n<\/ul>\n<p>&nbsp;<\/p>\n<\/div>\n<\/div>\n<\/div>\n<\/div>\n<div class=\"page\" title=\"Page 9\">\n<div class=\"section\">\n<div class=\"layoutArea\">\n<div class=\"column\">\n<p><strong><span style=\"color: #00b5fe;\">PLAN INTEGRAL DE PROTECCI\u00d3N AL PEAT\u00d3N Y PROPUESTAS DE SEGURIDAD VIAL<\/span><\/strong><\/p>\n<p><strong><span style=\"color: #00b5fe;\">EL OBJETIVO DE LAS MEDIDAS EXPUESTAS ES TRABAJAR CON EL OBJETO DE CERO ACCIDENTES<\/span><\/strong><\/p>\n<ul>\n<li>Reforzaremos la se\u00f1alizaci\u00f3n LED con detectores de presencia en los pasos de peato- nes m\u00e1s transitados y peligrosos.<\/li>\n<li>Haremos un mantenimiento peri\u00f3dico y mejoraremos la se\u00f1alizaci\u00f3n horizontal y ver- tical.<\/li>\n<li>Mejoraremos la seguridad en el entorno escolar. Mejoraremos la seguridad en el Cami\u00f1o Primitivo.<\/li>\n<li>Promoveremos campa\u00f1as de sensibilizaci\u00f3n. Concienciaremos a los ni\u00f1os y ni\u00f1as de lanecesidad de cumplir las normas de tr\u00e1fico y fomentar buenas pr\u00e1cticas de conducci\u00f3n.<\/li>\n<li>Desarrollaremos cursos de reeducaci\u00f3n vial para personas mayores de 65 a\u00f1os en elparque de tr\u00e1fico L\u00f3pez Mella.<\/li>\n<li>Nos sumaremos a la programaci\u00f3n de la Semana Europea de la Movilidad.<\/li>\n<\/ul>\n<p>&nbsp;<\/p>\n<p><strong><span style=\"color: #00b5fe;\">MOVILIDAD VEH\u00cdCULO PRIVADO<\/span><\/strong><\/p>\n<ul>\n<li style=\"list-style-type: none;\">\n<ul>\n<li>Dise\u00f1aremos un mapa con los puntos negros de tr\u00e1fico que contemplar\u00e1n:<\/li>\n<li>La remodelaci\u00f3n de intersecciones peligrosas.<\/li>\n<li>Impulsaremos la obra de la rotonda de Alfonso X.<\/li>\n<li>La mejora o creaci\u00f3n de nuevas rotondas.<\/li>\n<li>Acciones en barrios como A Ponte y en pol\u00edgonos industriales.<\/li>\n<\/ul>\n<\/li>\n<\/ul>\n<p><strong>Mejoraremos el acceso a Lugo:<\/strong><\/p>\n<ul>\n<li>Agilizaremos el desdoblamiento y la iluminaci\u00f3n de la avenida Duquesa deLugo.<\/li>\n<li>Dignificaremos la entrada por A Fervedoira en la Avenida Adolfo Su\u00e1rez.<\/li>\n<li>Promoveremos un plan de tr\u00e1fico espec\u00edfico para mejorar la movilidad de la Estrada Vella de Santiago.<\/li>\n<li>Llevaremos a cabo el redimensionamiento de los carriles en varios cruces de Lugo\u00a0para mejorar la seguridad de peatones y conductores en puntos como Pintor Corredoira con Ronda de Fingoi; en el cruce de la Ronda da Muralla con la calle Santiago, entre otros.<\/li>\n<li>Impulsaremos el desdoblamiento e iluminaci\u00f3n de la Ronda Norte. Impulsaremos la ejecuci\u00f3n de la Ronda Este.<\/li>\n<li>Resolveremos el acceso a la ciudad desde el puente blanco.<\/li>\n<\/ul>\n<p><span style=\"color: #00b5fe;\"><strong>MOVILIDAD CICLISTA<\/strong><\/span><\/p>\n<ul>\n<li>Creaci\u00f3n de una red integral de carriles bici por la ciudad, as\u00ed como la uni\u00f3n del \u00fanicocarril para bicicletas de Fingoi con el r\u00edo.<\/li>\n<li>Promoveremos el carril bici de Ombreiro. Recuperaremos el sistema de pr\u00e9stamo de bicicletas.<\/li>\n<li>En el Parque infantil L\u00f3pez Mella promoveremos cursos gratuitos, durante todo el a\u00f1o, para circular en bicicleta, as\u00ed como mejorar las t\u00e9cnicas de circulaci\u00f3n.<\/li>\n<\/ul>\n<p>&nbsp;<\/p>\n<p><strong><span style=\"color: #00b5fe;\">PLAN ESPEC\u00cdFICO DE TR\u00c1FICO PARA EL CASCO HIST\u00d3RICO<\/span><\/strong><\/p>\n<ul>\n<li>Renovaremos el sistema de control de acceso mediante c\u00e1maras retirando los actua- les bolardos.<\/li>\n<li>Buscaremos ampliar el n\u00famero de espacios de carga y descarga para facilitar y redu- cir los tiempos de estas operaciones.<\/li>\n<li>Redise\u00f1aremos los itinerarios de paso de los veh\u00edculos dentro del centro hist\u00f3rico.<\/li>\n<\/ul>\n<p><strong><span style=\"color: #00b5fe;\">MOVILIDAD Y MEDIO AMBIENTE EN EL CASCO HIST\u00d3RICO<\/span><\/strong><\/p>\n<ul>\n<li>Primaremos el uso de veh\u00edculos limpios con la instalaci\u00f3n de puntos de recarga decoches el\u00e9ctricos.<\/li>\n<li>Renovaremos de forma progresiva por coches el\u00e9ctricos los veh\u00edculos del parque m\u00f3- vil municipal.<\/li>\n<li>Bonificaciones para particulares y empresas que opten por este tipo de veh\u00edculos.<\/li>\n<\/ul>\n<\/div>\n<\/div>\n<\/div>\n<\/div>\n<p style=\"text-align: center;\"><a class=\"nectar-button n-sc-button medium see-through-2 has-icon\"  href=\"http:\/\/www.ppdelugo.com\/es\/lugo-en-marcha\/\" data-color-override=\"#0bb2ff\"  data-hover-color-override=\"##0bb2ff\" data-hover-text-color-override=\"#0bb2ff\"><span>Regresar a las propuestas<\/span><i class=\"steadysets-icon-arrow-right\"><\/i><\/a>\n[\/vc_column_text][\/vc_column][\/vc_row]\n","protected":false},"excerpt":{"rendered":"<p>[vc_row type=\u00bbin_container\u00bb full_screen_row_position=\u00bbmiddle\u00bb scene_position=\u00bbcenter\u00bb text_color=\u00bbdark\u00bb text_align=\u00bbleft\u00bb overlay_strength=\u00bb0.3&#8243; shape_divider_position=\u00bbbottom\u00bb shape_type=\u00bb\u00bb][vc_column column_padding=\u00bbno-extra-padding\u00bb column_padding_position=\u00bball\u00bb background_color_opacity=\u00bb1&#8243; background_hover_color_opacity=\u00bb1&#8243; column_link_target=\u00bb_self\u00bb column_shadow=\u00bbnone\u00bb column_border_radius=\u00bbnone\u00bb width=\u00bb1\/1&#8243; tablet_width_inherit=\u00bbdefault\u00bb tablet_text_alignment=\u00bbdefault\u00bb phone_text_alignment=\u00bbdefault\u00bb column_border_width=\u00bbnone\u00bb column_border_style=\u00bbsolid\u00bb][image_with_animation image_url=\u00bb9918&#8243; alignment=\u00bb\u00bb animation=\u00bbFade In\u00bb border_radius=\u00bbnone\u00bb box_shadow=\u00bbnone\u00bb max_width=\u00bb100%\u00bb][\/vc_column][\/vc_row][vc_row type=\u00bbfull_width_background\u00bb&#8230;<\/p>\n","protected":false},"author":8,"featured_media":0,"parent":0,"menu_order":0,"comment_status":"closed","ping_status":"closed","template":"","meta":{"footnotes":""},"class_list":["post-9903","page","type-page","status-publish"],"yoast_head":"<!-- This site is optimized with the Yoast SEO plugin v27.4 - https:\/\/yoast.com\/product\/yoast-seo-wordpress\/ -->\n<title>Lugo en marcha con la mobilidad - Grupo Municipal Partido Popular de Lugo<\/title>\n<meta name=\"robots\" content=\"index, follow, max-snippet:-1, max-image-preview:large, max-video-preview:-1\" \/>\n<link rel=\"canonical\" href=\"https:\/\/www.ppdelugo.com\/es\/lugo-en-marcha-con-la-mobilidad\/\" \/>\n<meta property=\"og:locale\" content=\"es_ES\" \/>\n<meta property=\"og:type\" content=\"article\" \/>\n<meta property=\"og:title\" content=\"Lugo en marcha con la mobilidad - Grupo Municipal Partido Popular de Lugo\" \/>\n<meta property=\"og:description\" content=\"[vc_row type=\u00bbin_container\u00bb full_screen_row_position=\u00bbmiddle\u00bb scene_position=\u00bbcenter\u00bb text_color=\u00bbdark\u00bb text_align=\u00bbleft\u00bb overlay_strength=\u00bb0.3&#8243; shape_divider_position=\u00bbbottom\u00bb shape_type=\u00bb\u00bb][vc_column column_padding=\u00bbno-extra-padding\u00bb column_padding_position=\u00bball\u00bb background_color_opacity=\u00bb1&#8243; background_hover_color_opacity=\u00bb1&#8243; column_link_target=\u00bb_self\u00bb column_shadow=\u00bbnone\u00bb column_border_radius=\u00bbnone\u00bb width=\u00bb1\/1&#8243; tablet_width_inherit=\u00bbdefault\u00bb tablet_text_alignment=\u00bbdefault\u00bb phone_text_alignment=\u00bbdefault\u00bb column_border_width=\u00bbnone\u00bb column_border_style=\u00bbsolid\u00bb][image_with_animation image_url=\u00bb9918&#8243; alignment=\u00bb\u00bb animation=\u00bbFade In\u00bb border_radius=\u00bbnone\u00bb box_shadow=\u00bbnone\u00bb max_width=\u00bb100%\u00bb][\/vc_column][\/vc_row][vc_row type=\u00bbfull_width_background\u00bb...\" \/>\n<meta property=\"og:url\" content=\"https:\/\/www.ppdelugo.com\/es\/lugo-en-marcha-con-la-mobilidad\/\" \/>\n<meta property=\"og:site_name\" content=\"Grupo Municipal Partido Popular de Lugo\" \/>\n<meta property=\"article:modified_time\" content=\"2019-04-26T12:11:01+00:00\" \/>\n<meta name=\"twitter:card\" content=\"summary_large_image\" \/>\n<meta name=\"twitter:label1\" content=\"Tiempo de lectura\" \/>\n\t<meta name=\"twitter:data1\" content=\"6 minutos\" \/>\n<script type=\"application\/ld+json\" class=\"yoast-schema-graph\">{\"@context\":\"https:\\\/\\\/schema.org\",\"@graph\":[{\"@type\":\"WebPage\",\"@id\":\"https:\\\/\\\/www.ppdelugo.com\\\/es\\\/lugo-en-marcha-con-la-mobilidad\\\/\",\"url\":\"https:\\\/\\\/www.ppdelugo.com\\\/es\\\/lugo-en-marcha-con-la-mobilidad\\\/\",\"name\":\"Lugo en marcha con la mobilidad - Grupo Municipal Partido Popular de Lugo\",\"isPartOf\":{\"@id\":\"https:\\\/\\\/www.ppdelugo.com\\\/es\\\/#website\"},\"datePublished\":\"2019-02-19T10:00:06+00:00\",\"dateModified\":\"2019-04-26T12:11:01+00:00\",\"breadcrumb\":{\"@id\":\"https:\\\/\\\/www.ppdelugo.com\\\/es\\\/lugo-en-marcha-con-la-mobilidad\\\/#breadcrumb\"},\"inLanguage\":\"es\",\"potentialAction\":[{\"@type\":\"ReadAction\",\"target\":[\"https:\\\/\\\/www.ppdelugo.com\\\/es\\\/lugo-en-marcha-con-la-mobilidad\\\/\"]}]},{\"@type\":\"BreadcrumbList\",\"@id\":\"https:\\\/\\\/www.ppdelugo.com\\\/es\\\/lugo-en-marcha-con-la-mobilidad\\\/#breadcrumb\",\"itemListElement\":[{\"@type\":\"ListItem\",\"position\":1,\"name\":\"Portada\",\"item\":\"https:\\\/\\\/www.ppdelugo.com\\\/es\\\/\"},{\"@type\":\"ListItem\",\"position\":2,\"name\":\"Lugo en marcha con la mobilidad\"}]},{\"@type\":\"WebSite\",\"@id\":\"https:\\\/\\\/www.ppdelugo.com\\\/es\\\/#website\",\"url\":\"https:\\\/\\\/www.ppdelugo.com\\\/es\\\/\",\"name\":\"Grupo Municipal Partido Popular de Lugo\",\"description\":\"Web del Grupo Municipal del Partido Popular en el Ayuntamiento de Lugo, con informaci\u00f3n sobre Lugo y fomento de la participaci\u00f3n ciudadana\",\"potentialAction\":[{\"@type\":\"SearchAction\",\"target\":{\"@type\":\"EntryPoint\",\"urlTemplate\":\"https:\\\/\\\/www.ppdelugo.com\\\/es\\\/?s={search_term_string}\"},\"query-input\":{\"@type\":\"PropertyValueSpecification\",\"valueRequired\":true,\"valueName\":\"search_term_string\"}}],\"inLanguage\":\"es\"}]}<\/script>\n<!-- \/ Yoast SEO plugin. -->","yoast_head_json":{"title":"Lugo en marcha con la mobilidad - Grupo Municipal Partido Popular de Lugo","robots":{"index":"index","follow":"follow","max-snippet":"max-snippet:-1","max-image-preview":"max-image-preview:large","max-video-preview":"max-video-preview:-1"},"canonical":"https:\/\/www.ppdelugo.com\/es\/lugo-en-marcha-con-la-mobilidad\/","og_locale":"es_ES","og_type":"article","og_title":"Lugo en marcha con la mobilidad - Grupo Municipal Partido Popular de Lugo","og_description":"[vc_row type=\u00bbin_container\u00bb full_screen_row_position=\u00bbmiddle\u00bb scene_position=\u00bbcenter\u00bb text_color=\u00bbdark\u00bb text_align=\u00bbleft\u00bb overlay_strength=\u00bb0.3&#8243; shape_divider_position=\u00bbbottom\u00bb shape_type=\u00bb\u00bb][vc_column column_padding=\u00bbno-extra-padding\u00bb column_padding_position=\u00bball\u00bb background_color_opacity=\u00bb1&#8243; background_hover_color_opacity=\u00bb1&#8243; column_link_target=\u00bb_self\u00bb column_shadow=\u00bbnone\u00bb column_border_radius=\u00bbnone\u00bb width=\u00bb1\/1&#8243; tablet_width_inherit=\u00bbdefault\u00bb tablet_text_alignment=\u00bbdefault\u00bb phone_text_alignment=\u00bbdefault\u00bb column_border_width=\u00bbnone\u00bb column_border_style=\u00bbsolid\u00bb][image_with_animation image_url=\u00bb9918&#8243; alignment=\u00bb\u00bb animation=\u00bbFade In\u00bb border_radius=\u00bbnone\u00bb box_shadow=\u00bbnone\u00bb max_width=\u00bb100%\u00bb][\/vc_column][\/vc_row][vc_row type=\u00bbfull_width_background\u00bb...","og_url":"https:\/\/www.ppdelugo.com\/es\/lugo-en-marcha-con-la-mobilidad\/","og_site_name":"Grupo Municipal Partido Popular de Lugo","article_modified_time":"2019-04-26T12:11:01+00:00","twitter_card":"summary_large_image","twitter_misc":{"Tiempo de lectura":"6 minutos"},"schema":{"@context":"https:\/\/schema.org","@graph":[{"@type":"WebPage","@id":"https:\/\/www.ppdelugo.com\/es\/lugo-en-marcha-con-la-mobilidad\/","url":"https:\/\/www.ppdelugo.com\/es\/lugo-en-marcha-con-la-mobilidad\/","name":"Lugo en marcha con la mobilidad - Grupo Municipal Partido Popular de Lugo","isPartOf":{"@id":"https:\/\/www.ppdelugo.com\/es\/#website"},"datePublished":"2019-02-19T10:00:06+00:00","dateModified":"2019-04-26T12:11:01+00:00","breadcrumb":{"@id":"https:\/\/www.ppdelugo.com\/es\/lugo-en-marcha-con-la-mobilidad\/#breadcrumb"},"inLanguage":"es","potentialAction":[{"@type":"ReadAction","target":["https:\/\/www.ppdelugo.com\/es\/lugo-en-marcha-con-la-mobilidad\/"]}]},{"@type":"BreadcrumbList","@id":"https:\/\/www.ppdelugo.com\/es\/lugo-en-marcha-con-la-mobilidad\/#breadcrumb","itemListElement":[{"@type":"ListItem","position":1,"name":"Portada","item":"https:\/\/www.ppdelugo.com\/es\/"},{"@type":"ListItem","position":2,"name":"Lugo en marcha con la mobilidad"}]},{"@type":"WebSite","@id":"https:\/\/www.ppdelugo.com\/es\/#website","url":"https:\/\/www.ppdelugo.com\/es\/","name":"Grupo Municipal Partido Popular de Lugo","description":"Web del Grupo Municipal del Partido Popular en el Ayuntamiento de Lugo, con informaci\u00f3n sobre Lugo y fomento de la participaci\u00f3n ciudadana","potentialAction":[{"@type":"SearchAction","target":{"@type":"EntryPoint","urlTemplate":"https:\/\/www.ppdelugo.com\/es\/?s={search_term_string}"},"query-input":{"@type":"PropertyValueSpecification","valueRequired":true,"valueName":"search_term_string"}}],"inLanguage":"es"}]}},"_links":{"self":[{"href":"https:\/\/www.ppdelugo.com\/es\/wp-json\/wp\/v2\/pages\/9903","targetHints":{"allow":["GET"]}}],"collection":[{"href":"https:\/\/www.ppdelugo.com\/es\/wp-json\/wp\/v2\/pages"}],"about":[{"href":"https:\/\/www.ppdelugo.com\/es\/wp-json\/wp\/v2\/types\/page"}],"author":[{"embeddable":true,"href":"https:\/\/www.ppdelugo.com\/es\/wp-json\/wp\/v2\/users\/8"}],"replies":[{"embeddable":true,"href":"https:\/\/www.ppdelugo.com\/es\/wp-json\/wp\/v2\/comments?post=9903"}],"version-history":[{"count":0,"href":"https:\/\/www.ppdelugo.com\/es\/wp-json\/wp\/v2\/pages\/9903\/revisions"}],"wp:attachment":[{"href":"https:\/\/www.ppdelugo.com\/es\/wp-json\/wp\/v2\/media?parent=9903"}],"curies":[{"name":"wp","href":"https:\/\/api.w.org\/{rel}","templated":true}]}}