{"id":9900,"date":"2019-02-19T10:24:06","date_gmt":"2019-02-19T10:24:06","guid":{"rendered":"http:\/\/www.ppdelugo.com\/?page_id=9900"},"modified":"2019-04-26T12:27:09","modified_gmt":"2019-04-26T12:27:09","slug":"lugo-en-marcha-con-urbanismo-y-con-el-medio-ambiente","status":"publish","type":"page","link":"https:\/\/www.ppdelugo.com\/es\/lugo-en-marcha-con-urbanismo-y-con-el-medio-ambiente\/","title":{"rendered":"Lugo en marcha con el urbanismo y con el medio ambiente"},"content":{"rendered":"[vc_row type=\u00bbin_container\u00bb full_screen_row_position=\u00bbmiddle\u00bb scene_position=\u00bbcenter\u00bb text_color=\u00bbdark\u00bb text_align=\u00bbleft\u00bb overlay_strength=\u00bb0.3&#8243; shape_divider_position=\u00bbbottom\u00bb shape_type=\u00bb\u00bb][vc_column column_padding=\u00bbno-extra-padding\u00bb column_padding_position=\u00bball\u00bb background_color_opacity=\u00bb1&#8243; background_hover_color_opacity=\u00bb1&#8243; column_link_target=\u00bb_self\u00bb column_shadow=\u00bbnone\u00bb column_border_radius=\u00bbnone\u00bb width=\u00bb1\/1&#8243; tablet_width_inherit=\u00bbdefault\u00bb tablet_text_alignment=\u00bbdefault\u00bb phone_text_alignment=\u00bbdefault\u00bb column_border_width=\u00bbnone\u00bb column_border_style=\u00bbsolid\u00bb][image_with_animation image_url=\u00bb9928&#8243; alignment=\u00bb\u00bb animation=\u00bbFade In\u00bb border_radius=\u00bbnone\u00bb box_shadow=\u00bbnone\u00bb max_width=\u00bb100%\u00bb][\/vc_column][\/vc_row][vc_row type=\u00bbfull_width_background\u00bb full_screen_row_position=\u00bbmiddle\u00bb bg_color=\u00bb#ffffff\u00bb scene_position=\u00bbcenter\u00bb text_color=\u00bbdark\u00bb text_align=\u00bbleft\u00bb top_padding=\u00bb5%\u00bb bottom_padding=\u00bb5%\u00bb overlay_strength=\u00bb0.3&#8243; shape_divider_position=\u00bbbottom\u00bb][vc_column column_padding=\u00bbpadding-2-percent\u00bb column_padding_position=\u00bball\u00bb background_color_opacity=\u00bb1&#8243; background_hover_color_opacity=\u00bb1&#8243; column_link_target=\u00bb_self\u00bb column_shadow=\u00bbnone\u00bb column_border_radius=\u00bbnone\u00bb width=\u00bb1\/1&#8243; tablet_width_inherit=\u00bbdefault\u00bb tablet_text_alignment=\u00bbdefault\u00bb phone_text_alignment=\u00bbdefault\u00bb column_border_width=\u00bbnone\u00bb column_border_style=\u00bbsolid\u00bb][vc_column_text]\n<h2 style=\"color: #1e83ec;\"><span style=\"color: #00b5fe;\">Lugo en marcha con el urbanismo y con el medio ambiente<\/span><\/h2>\n<p><span style=\"color: #00b5fe;\"><strong><u>URBANISMO<\/u><\/strong><\/span><\/p>\n<p>IMPULSAREMOS DIFERENTES ACCIONES URBAN\u00cdSTICAS EN DIFERENTES PUNTOS DEL MUNICIPIO:<\/p>\n<p>Resolveremos el problema generado con las torres del Gara\u00f1\u00f3n, en cumplimiento de la sentencia que anul\u00f3 la licencia autorizada por el PSOE, y buscaremos las alternativas para crear la m\u00e1xima zona verde con un m\u00ednimo coste para los lucenses.<\/p>\n<p>Agilizaremos la tramitaci\u00f3n de licencias municipales. &#8211; Desbloquearemos el 5% PXOM.<\/p>\n<p>Promoveremos la rehabilitaci\u00f3n de barrios deteriorados, mediante \u00c1reas de Rehabilitaci\u00f3n Urbana (ARRUS): A Milagrosa, Feijoo y A Ponte.<\/p>\n<p>Desbloquearemos dotaciones en barrios en comp\u00e1s de espera y edificios sin terminar como la Biblioteca de A Piringalla, el parque Paxari\u00f1os (Fonti\u00f1as) o el Parque de energ\u00edas alternativas de O Ceao y la F\u00e1brica de la Luz (Paseo do Mi\u00f1o).<\/p>\n<p>Crearemos nuevos parques infantiles en la ciudad en Soto Freire y en la Praza do Cami\u00f1o en Fonti\u00f1as en la confluencia con el Carril das Frores.<\/p>\n<p>Una vez que entre en funcionamiento el nuevo Colegio del Sagrado Coraz\u00f3n, negociaremos con la entidad financiera propietaria de los edificios actuales del colegiosu cesi\u00f3n para la creaci\u00f3n de nuevos equipamientos para el vecindario, como una pistadeportiva abierta, una plaza p\u00fablica y locales para el tejido \u00a0asociativo.<\/p>\n<p>Impulsaremos la construcci\u00f3n de un nuevo Centro de Salud para el Sagrado Co- raz\u00f3n y buscaremos los terrenos en el barrio para poner a disposici\u00f3n de la Xunta para tramitar la construcci\u00f3n de un nuevo centro de salud.<\/p>\n<p>Promoveremos un Plan Especial para mejorar la accesibilidad en los alrededores de la Estaci\u00f3n y en la zona de la Volta da Vi\u00f1a.<\/p>\n<p>Promoveremos la construcci\u00f3n de la nueva residencia para ancianos en el barrio de A Residencia.<\/p>\n<p>Apostaremos por la construcci\u00f3n de la nueva sede de la Comisar\u00eda de Polic\u00eda de la Polic\u00eda Nacional en el barrio de A Residencia.<\/p>\n<p>&nbsp;<\/p>\n<div class=\"page\" title=\"Page 13\">\n<div class=\"section\">\n<div class=\"layoutArea\">\n<div class=\"column\">\n<p><strong><span style=\"color: #00b5fe;\">DE CARA A FIJAR POBLACI\u00d3N Y MEJORAR LA EST\u00c9TICA DEL CASCO HIST\u00d3RICO PROPONEMOS:<\/span><\/strong><\/p>\n<p>Actualizaci\u00f3n del Plan Especial del Recinto Hist\u00f3rico (PEPRI)<\/p>\n<p>Incentivaremos la rehabilitaci\u00f3n.<\/p>\n<p>Completaremos el proyecto del paseo interior de la Muralla.<\/p>\n<p>Soterrar el cableado que afea el centro hist\u00f3rico.<\/p>\n<p>Dise\u00f1ar un Plan de Actuaci\u00f3n para renovar progresivamente la red de abastecimiento y saneamiento, as\u00ed como contemplar la canalizaci\u00f3n de servicios de telecomunicaciones, fibra \u00f3ptica y gas ciudad.<\/p>\n<p>Queremos completar el esfuerzo de la Xunta en el plan de rehabilitaci\u00f3n del barriode la Tiner\u00eda convirtiendo este espacio en una zona de primera para vivir y para impulsar el comercio y la hoteler\u00eda.<\/p>\n<p>Creaci\u00f3n de un parque infantil en la parte trasera del cuartel de San Fernando.<\/p>\n<p>Impulsar el desarrollo de bolsas de terreno en el centro hist\u00f3rico.<\/p>\n<p>&nbsp;<\/p>\n<p><strong><span style=\"color: #00b5fe;\">MEDIO AMBIENTE:<\/span><\/strong><\/p>\n<p>Para conciliar el descanso vecinal, elaboraremos una nueva ordenanza de contaminaci\u00f3n ac\u00fas- tica, ya que la actual del a\u00f1o 1997 est\u00e1 completamente obsoleta.<\/p>\n<p><strong>LUGO CON INFRAESTRUCTURAS VERDES Y ENERG\u00cdAS ALTERNATIVAS.<\/strong><\/p>\n<p>Desarrollaremos un Plan de Infraestructuras Verdes con diferentes acciones:<\/p>\n<p>Desarrollaremos proyectos de mejora ambiental en el entorno de la Muralla.<\/p>\n<p>Desarrollaremos un plan de mantenimiento para \u00e1reas verdes, parques y arbolado urbano.<\/p>\n<p>Llevaremos a cabo un proyecto de identificaci\u00f3n de los \u00e1rboles singulares del par-que de Rosal\u00eda de Castro con un sistema de placas y c\u00f3digo QR.<\/p>\n<p>Llevaremos a cabo la mejora integral del Parque dos Paxari\u00f1os, en Fonti\u00f1as.<\/p>\n<p>En colaboraci\u00f3n con la Universidad le daremos uso a la zona verde y al anfiteatro del campus.<\/p>\n<p>Impulsaremos el uso de energ\u00edas alternativas para infraestructuras municipales de alto consumo.<\/p>\n<p>Reduciremos la factura energ\u00e9tica analizando el consumo de los edificios municipales y pondremos en marcha un plan de eficiencia energ\u00e9tica y ahorro energ\u00e9tico en estas instalaciones.<\/p>\n<\/div>\n<\/div>\n<\/div>\n<\/div>\n<div class=\"page\" title=\"Page 14\">\n<div class=\"section\">\n<div class=\"layoutArea\">\n<div class=\"column\">\n<p>Modelo de gesti\u00f3n directa del ciclo del agua.<\/p>\n<p>&nbsp;<\/p>\n<p><strong><span style=\"color: #00b5fe;\">LUGO EN MARCHA MIRANDO CARA AL R\u00cdO<\/span><\/strong><\/p>\n<p>Completaremos el cintur\u00f3n verde uniendo los paseos del r\u00edo Rato con el r\u00edo Mi\u00f1o a la altura de las instalaciones del Pazo Universitario ganando 39.000 m2 de espacio de ocio.<\/p>\n<p>Ampliaremos el parque periurbano con una nueva ruta de 21 km a ambos lados del r\u00edo.<\/p>\n<p>Mejoraremos el mantenimiento del parque de As G\u00e1ndaras.<\/p>\n<p>Iluminaci\u00f3n del Paseo de Ombreiro.<\/p>\n<p>Crearemos una zona de ba\u00f1o p\u00fablica y gratuita en el r\u00edo Mi\u00f1o.<\/p>\n<p>Daremos continuidad al \u00fanico carril bici que hay en la ronda de Fingoi, para comu- nicarlo con el r\u00edo.<\/p>\n<p>&nbsp;<\/p>\n<p><span style=\"color: #00b5fe;\"><strong>LUGO EN MARCHA CON LA GESTI\u00d3N DE RESIDUOS DOM\u00c9STICOS Y LA LIMPIEZA<\/strong><\/span><\/p>\n<p>Readjudicaremos el sistema de recogida de basura fomentando la recogida selectiva para la cual pondremos en pr\u00e1ctica las siguientes medidas:<\/p>\n<p>Renovaremos toda la flota de contenedores. Garantizaremos que cada lucen- se tenga acceso a un contenedor a una distancia razonable y mejoraremos la limpieza y el mantenimiento de los recipientes.<\/p>\n<p>Desarrollaremos un programa piloto de gesti\u00f3n de contenedores, con sensores de carga para planificar las rutas a puntos de recogida selectiva.<\/p>\n<p>Promoveremos la recogida de aceites dom\u00e9sticos.<\/p>\n<p>Mejoraremos el servicio del Punto limpio de O Ceao. Ampliaremos el horario en instalaremos un sistema de videovigilancia para evitar los hurtos que se registran a diario.<\/p>\n<p>Implementaremos puntos de limpieza m\u00f3viles, para promover la recolecci\u00f3n, clasificaci\u00f3n y preparaci\u00f3n adecuadas de los desechos para su reutilizaci\u00f3n.<\/p>\n<p>Iniciaremos un programa de recogida \u201cpuerta a puerta\u201d de materia org\u00e1nica delos grandes productores (colegios, hoteles, supermercados&#8230;).<\/p>\n<p>Promoveremos campa\u00f1as de recogida de vidrio para hosteler\u00eda.<\/p>\n<p>En el resto de la ciudad implantaremos las islas de recogida de material org\u00e1nico mediante contenedores con llave o tarjeta ciudadana.- En el \u00e1mbito rural, promoveremos el autocompostaje.<\/p>\n<\/div>\n<\/div>\n<\/div>\n<\/div>\n<div class=\"page\" title=\"Page 15\">\n<div class=\"section\">\n<div class=\"layoutArea\">\n<div class=\"column\">\n<p>Organizaremos islas m\u00f3viles en eventos para reciclar latas, vidrio y cart\u00f3n.<\/p>\n<p>Haremos una recogida de restos de poda y pasto en zonas periurbanas de Lugo.<\/p>\n<p>Realizaremos campa\u00f1as de promoci\u00f3n y apoyo para el uso de compost y tambi\u00e9n de sensibilizaci\u00f3n para la reducci\u00f3n del consumo de bolsas de pl\u00e1stico de un solo uso.<\/p>\n<p>&nbsp;<\/p>\n<p><strong><span style=\"color: #00b5fe;\">MEJORAREMOS LA LIMPIEZA DIARIA DE LA CIUDAD:<\/span><\/strong><\/p>\n<p>Reforzaremos la limpieza urbana y la eliminaci\u00f3n de pintadas.<\/p>\n<p>Aumentaremos los baldeos mec\u00e1nicos y a presi\u00f3n en \u00e1reas saturadas con densidad de poblaci\u00f3n y locales de hosteler\u00eda y ocio en el centro.<\/p>\n<p>Desarrollaremos un plan de mantenimiento y refuerzo de limpieza de sumideros para evitar inundaciones.<\/p>\n<p>Reabriremos los tres kioscos de la Praza Maior, Praza de Santo Domingo y A Milagrosa para recuperar los ba\u00f1os p\u00fablicos.<\/p>\n<p>&nbsp;<\/p>\n<p><span style=\"color: #00b5fe;\"><strong>CIUDAD AMIGABLE CON LAS MASCOTAS<\/strong><\/span><\/p>\n<p>Acondicionaremos nuevos caniles o \u00e1reas de esparcimiento canino (ZEC) y mejoraremos el mantenimiento de los otros tres caniles en los barrios de Acea de Olga, parque de Frigsa y Carril de las Estantigas.<\/p>\n<p>Intensificaremos la vigilancia para evitar la mala imagen de las heces de perros en las calles y en los espacios p\u00fablicos de Lugo y tambi\u00e9n daremos facilidades para que los propietarios de mascotas cumplan con su obligaci\u00f3n de mantener la ciudad limpia.<\/p>\n<p>Llevaremos a cabo un protocolo de control de colonias felinas en el Ayuntamiento a trav\u00e9s de m\u00e9todo CES (control, esterilizaci\u00f3n y suelta).<\/p>\n<p>Firmaremos un acuerdo con la Asociaci\u00f3n Protectora de Animales Ex\u00f3ticos de Galicia u otra similar para tener un plan de acci\u00f3n ante el abandono, y posterior recogida, de animales ex\u00f3ticos en Lugo.<\/p>\n<p>Promoveremos campa\u00f1as informativas y de sensibilizaci\u00f3n en centros educativos sobre el respeto a los animales.<\/p>\n<p>Elaboraremos una gu\u00eda PetFriendly de Lugo (veterinarios, restaurantes, tiendas, alojamiento&#8230;).<\/p>\n<p>Acondicionaremos un lugar de recogida para los equinos abandonados que deambulan en el termino municipal y, en muchas ocasiones, por la v\u00eda p\u00fablica causando problemas de seguridad vial.<\/p>\n<\/div>\n<\/div>\n<\/div>\n<\/div>\n<div class=\"page\" title=\"Page 16\">\n<div class=\"layoutArea\">\n<div class=\"column\">\n<p>Adaptaremos la Ordenanza Municipal de Protecci\u00f3n y Tenencia de Animales, que fue aprobada en el a\u00f1o 2008, a la Ley de Protecci\u00f3n y Bienestar de los animales de compa\u00f1\u00eda de Galicia, (establecimientos de entrada, acceso a transporte p\u00fablico, circos&#8230;).<\/p>\n<p>Estableceremos acuerdos con cl\u00ednicas veterinarias para promover la esterilizaci\u00f3ne implantaci\u00f3n del microchip de perros y gatos y poder tener as\u00ed tener un control de la poblaci\u00f3n de estos animales.<\/p>\n<\/div>\n<\/div>\n<\/div>\n<p>&nbsp;<\/p>\n<p style=\"text-align: center;\"><a class=\"nectar-button n-sc-button medium see-through-2 has-icon\"  href=\"http:\/\/www.ppdelugo.com\/es\/lugo-en-marcha\/\" data-color-override=\"#0bb2ff\"  data-hover-color-override=\"##0bb2ff\" data-hover-text-color-override=\"#0bb2ff\"><span>Regresar a las propuestas<\/span><i class=\"steadysets-icon-arrow-right\"><\/i><\/a>\n[\/vc_column_text][\/vc_column][\/vc_row]\n","protected":false},"excerpt":{"rendered":"<p>[vc_row type=\u00bbin_container\u00bb full_screen_row_position=\u00bbmiddle\u00bb scene_position=\u00bbcenter\u00bb text_color=\u00bbdark\u00bb text_align=\u00bbleft\u00bb overlay_strength=\u00bb0.3&#8243; shape_divider_position=\u00bbbottom\u00bb shape_type=\u00bb\u00bb][vc_column column_padding=\u00bbno-extra-padding\u00bb column_padding_position=\u00bball\u00bb background_color_opacity=\u00bb1&#8243; background_hover_color_opacity=\u00bb1&#8243; column_link_target=\u00bb_self\u00bb column_shadow=\u00bbnone\u00bb column_border_radius=\u00bbnone\u00bb width=\u00bb1\/1&#8243; tablet_width_inherit=\u00bbdefault\u00bb tablet_text_alignment=\u00bbdefault\u00bb phone_text_alignment=\u00bbdefault\u00bb column_border_width=\u00bbnone\u00bb column_border_style=\u00bbsolid\u00bb][image_with_animation image_url=\u00bb9928&#8243; alignment=\u00bb\u00bb animation=\u00bbFade In\u00bb border_radius=\u00bbnone\u00bb box_shadow=\u00bbnone\u00bb max_width=\u00bb100%\u00bb][\/vc_column][\/vc_row][vc_row type=\u00bbfull_width_background\u00bb&#8230;<\/p>\n","protected":false},"author":8,"featured_media":0,"parent":0,"menu_order":0,"comment_status":"closed","ping_status":"closed","template":"","meta":{"footnotes":""},"class_list":["post-9900","page","type-page","status-publish"],"yoast_head":"<!-- This site is optimized with the Yoast SEO plugin v27.4 - https:\/\/yoast.com\/product\/yoast-seo-wordpress\/ -->\n<title>Lugo en marcha con el urbanismo y con el medio ambiente - Grupo Municipal Partido Popular de Lugo<\/title>\n<meta name=\"robots\" content=\"index, follow, max-snippet:-1, max-image-preview:large, max-video-preview:-1\" \/>\n<link rel=\"canonical\" href=\"https:\/\/www.ppdelugo.com\/es\/lugo-en-marcha-con-urbanismo-y-con-el-medio-ambiente\/\" \/>\n<meta property=\"og:locale\" content=\"es_ES\" \/>\n<meta property=\"og:type\" content=\"article\" \/>\n<meta property=\"og:title\" content=\"Lugo en marcha con el urbanismo y con el medio ambiente - Grupo Municipal Partido Popular de Lugo\" \/>\n<meta property=\"og:description\" content=\"[vc_row type=\u00bbin_container\u00bb full_screen_row_position=\u00bbmiddle\u00bb scene_position=\u00bbcenter\u00bb text_color=\u00bbdark\u00bb text_align=\u00bbleft\u00bb overlay_strength=\u00bb0.3&#8243; shape_divider_position=\u00bbbottom\u00bb shape_type=\u00bb\u00bb][vc_column column_padding=\u00bbno-extra-padding\u00bb column_padding_position=\u00bball\u00bb background_color_opacity=\u00bb1&#8243; background_hover_color_opacity=\u00bb1&#8243; column_link_target=\u00bb_self\u00bb column_shadow=\u00bbnone\u00bb column_border_radius=\u00bbnone\u00bb width=\u00bb1\/1&#8243; tablet_width_inherit=\u00bbdefault\u00bb tablet_text_alignment=\u00bbdefault\u00bb phone_text_alignment=\u00bbdefault\u00bb column_border_width=\u00bbnone\u00bb column_border_style=\u00bbsolid\u00bb][image_with_animation image_url=\u00bb9928&#8243; alignment=\u00bb\u00bb animation=\u00bbFade In\u00bb border_radius=\u00bbnone\u00bb box_shadow=\u00bbnone\u00bb max_width=\u00bb100%\u00bb][\/vc_column][\/vc_row][vc_row type=\u00bbfull_width_background\u00bb...\" \/>\n<meta property=\"og:url\" content=\"https:\/\/www.ppdelugo.com\/es\/lugo-en-marcha-con-urbanismo-y-con-el-medio-ambiente\/\" \/>\n<meta property=\"og:site_name\" content=\"Grupo Municipal Partido Popular de Lugo\" \/>\n<meta property=\"article:modified_time\" content=\"2019-04-26T12:27:09+00:00\" \/>\n<meta name=\"twitter:card\" content=\"summary_large_image\" \/>\n<meta name=\"twitter:label1\" content=\"Tiempo de lectura\" \/>\n\t<meta name=\"twitter:data1\" content=\"8 minutos\" \/>\n<script type=\"application\/ld+json\" class=\"yoast-schema-graph\">{\"@context\":\"https:\\\/\\\/schema.org\",\"@graph\":[{\"@type\":\"WebPage\",\"@id\":\"https:\\\/\\\/www.ppdelugo.com\\\/es\\\/lugo-en-marcha-con-urbanismo-y-con-el-medio-ambiente\\\/\",\"url\":\"https:\\\/\\\/www.ppdelugo.com\\\/es\\\/lugo-en-marcha-con-urbanismo-y-con-el-medio-ambiente\\\/\",\"name\":\"Lugo en marcha con el urbanismo y con el medio ambiente - Grupo Municipal Partido Popular de Lugo\",\"isPartOf\":{\"@id\":\"https:\\\/\\\/www.ppdelugo.com\\\/es\\\/#website\"},\"datePublished\":\"2019-02-19T10:24:06+00:00\",\"dateModified\":\"2019-04-26T12:27:09+00:00\",\"breadcrumb\":{\"@id\":\"https:\\\/\\\/www.ppdelugo.com\\\/es\\\/lugo-en-marcha-con-urbanismo-y-con-el-medio-ambiente\\\/#breadcrumb\"},\"inLanguage\":\"es\",\"potentialAction\":[{\"@type\":\"ReadAction\",\"target\":[\"https:\\\/\\\/www.ppdelugo.com\\\/es\\\/lugo-en-marcha-con-urbanismo-y-con-el-medio-ambiente\\\/\"]}]},{\"@type\":\"BreadcrumbList\",\"@id\":\"https:\\\/\\\/www.ppdelugo.com\\\/es\\\/lugo-en-marcha-con-urbanismo-y-con-el-medio-ambiente\\\/#breadcrumb\",\"itemListElement\":[{\"@type\":\"ListItem\",\"position\":1,\"name\":\"Portada\",\"item\":\"https:\\\/\\\/www.ppdelugo.com\\\/es\\\/\"},{\"@type\":\"ListItem\",\"position\":2,\"name\":\"Lugo en marcha con el urbanismo y con el medio ambiente\"}]},{\"@type\":\"WebSite\",\"@id\":\"https:\\\/\\\/www.ppdelugo.com\\\/es\\\/#website\",\"url\":\"https:\\\/\\\/www.ppdelugo.com\\\/es\\\/\",\"name\":\"Grupo Municipal Partido Popular de Lugo\",\"description\":\"Web del Grupo Municipal del Partido Popular en el Ayuntamiento de Lugo, con informaci\u00f3n sobre Lugo y fomento de la participaci\u00f3n ciudadana\",\"potentialAction\":[{\"@type\":\"SearchAction\",\"target\":{\"@type\":\"EntryPoint\",\"urlTemplate\":\"https:\\\/\\\/www.ppdelugo.com\\\/es\\\/?s={search_term_string}\"},\"query-input\":{\"@type\":\"PropertyValueSpecification\",\"valueRequired\":true,\"valueName\":\"search_term_string\"}}],\"inLanguage\":\"es\"}]}<\/script>\n<!-- \/ Yoast SEO plugin. -->","yoast_head_json":{"title":"Lugo en marcha con el urbanismo y con el medio ambiente - Grupo Municipal Partido Popular de Lugo","robots":{"index":"index","follow":"follow","max-snippet":"max-snippet:-1","max-image-preview":"max-image-preview:large","max-video-preview":"max-video-preview:-1"},"canonical":"https:\/\/www.ppdelugo.com\/es\/lugo-en-marcha-con-urbanismo-y-con-el-medio-ambiente\/","og_locale":"es_ES","og_type":"article","og_title":"Lugo en marcha con el urbanismo y con el medio ambiente - Grupo Municipal Partido Popular de Lugo","og_description":"[vc_row type=\u00bbin_container\u00bb full_screen_row_position=\u00bbmiddle\u00bb scene_position=\u00bbcenter\u00bb text_color=\u00bbdark\u00bb text_align=\u00bbleft\u00bb overlay_strength=\u00bb0.3&#8243; shape_divider_position=\u00bbbottom\u00bb shape_type=\u00bb\u00bb][vc_column column_padding=\u00bbno-extra-padding\u00bb column_padding_position=\u00bball\u00bb background_color_opacity=\u00bb1&#8243; background_hover_color_opacity=\u00bb1&#8243; column_link_target=\u00bb_self\u00bb column_shadow=\u00bbnone\u00bb column_border_radius=\u00bbnone\u00bb width=\u00bb1\/1&#8243; tablet_width_inherit=\u00bbdefault\u00bb tablet_text_alignment=\u00bbdefault\u00bb phone_text_alignment=\u00bbdefault\u00bb column_border_width=\u00bbnone\u00bb column_border_style=\u00bbsolid\u00bb][image_with_animation image_url=\u00bb9928&#8243; alignment=\u00bb\u00bb animation=\u00bbFade In\u00bb border_radius=\u00bbnone\u00bb box_shadow=\u00bbnone\u00bb max_width=\u00bb100%\u00bb][\/vc_column][\/vc_row][vc_row type=\u00bbfull_width_background\u00bb...","og_url":"https:\/\/www.ppdelugo.com\/es\/lugo-en-marcha-con-urbanismo-y-con-el-medio-ambiente\/","og_site_name":"Grupo Municipal Partido Popular de Lugo","article_modified_time":"2019-04-26T12:27:09+00:00","twitter_card":"summary_large_image","twitter_misc":{"Tiempo de lectura":"8 minutos"},"schema":{"@context":"https:\/\/schema.org","@graph":[{"@type":"WebPage","@id":"https:\/\/www.ppdelugo.com\/es\/lugo-en-marcha-con-urbanismo-y-con-el-medio-ambiente\/","url":"https:\/\/www.ppdelugo.com\/es\/lugo-en-marcha-con-urbanismo-y-con-el-medio-ambiente\/","name":"Lugo en marcha con el urbanismo y con el medio ambiente - Grupo Municipal Partido Popular de Lugo","isPartOf":{"@id":"https:\/\/www.ppdelugo.com\/es\/#website"},"datePublished":"2019-02-19T10:24:06+00:00","dateModified":"2019-04-26T12:27:09+00:00","breadcrumb":{"@id":"https:\/\/www.ppdelugo.com\/es\/lugo-en-marcha-con-urbanismo-y-con-el-medio-ambiente\/#breadcrumb"},"inLanguage":"es","potentialAction":[{"@type":"ReadAction","target":["https:\/\/www.ppdelugo.com\/es\/lugo-en-marcha-con-urbanismo-y-con-el-medio-ambiente\/"]}]},{"@type":"BreadcrumbList","@id":"https:\/\/www.ppdelugo.com\/es\/lugo-en-marcha-con-urbanismo-y-con-el-medio-ambiente\/#breadcrumb","itemListElement":[{"@type":"ListItem","position":1,"name":"Portada","item":"https:\/\/www.ppdelugo.com\/es\/"},{"@type":"ListItem","position":2,"name":"Lugo en marcha con el urbanismo y con el medio ambiente"}]},{"@type":"WebSite","@id":"https:\/\/www.ppdelugo.com\/es\/#website","url":"https:\/\/www.ppdelugo.com\/es\/","name":"Grupo Municipal Partido Popular de Lugo","description":"Web del Grupo Municipal del Partido Popular en el Ayuntamiento de Lugo, con informaci\u00f3n sobre Lugo y fomento de la participaci\u00f3n ciudadana","potentialAction":[{"@type":"SearchAction","target":{"@type":"EntryPoint","urlTemplate":"https:\/\/www.ppdelugo.com\/es\/?s={search_term_string}"},"query-input":{"@type":"PropertyValueSpecification","valueRequired":true,"valueName":"search_term_string"}}],"inLanguage":"es"}]}},"_links":{"self":[{"href":"https:\/\/www.ppdelugo.com\/es\/wp-json\/wp\/v2\/pages\/9900","targetHints":{"allow":["GET"]}}],"collection":[{"href":"https:\/\/www.ppdelugo.com\/es\/wp-json\/wp\/v2\/pages"}],"about":[{"href":"https:\/\/www.ppdelugo.com\/es\/wp-json\/wp\/v2\/types\/page"}],"author":[{"embeddable":true,"href":"https:\/\/www.ppdelugo.com\/es\/wp-json\/wp\/v2\/users\/8"}],"replies":[{"embeddable":true,"href":"https:\/\/www.ppdelugo.com\/es\/wp-json\/wp\/v2\/comments?post=9900"}],"version-history":[{"count":0,"href":"https:\/\/www.ppdelugo.com\/es\/wp-json\/wp\/v2\/pages\/9900\/revisions"}],"wp:attachment":[{"href":"https:\/\/www.ppdelugo.com\/es\/wp-json\/wp\/v2\/media?parent=9900"}],"curies":[{"name":"wp","href":"https:\/\/api.w.org\/{rel}","templated":true}]}}