{"id":9897,"date":"2019-02-19T11:11:47","date_gmt":"2019-02-19T11:11:47","guid":{"rendered":"http:\/\/www.ppdelugo.com\/?page_id=9897"},"modified":"2019-04-26T12:28:58","modified_gmt":"2019-04-26T12:28:58","slug":"lugo-en-marcha-con-el-turismo-camino-primitivo-y-la-cultura","status":"publish","type":"page","link":"https:\/\/www.ppdelugo.com\/es\/lugo-en-marcha-con-el-turismo-camino-primitivo-y-la-cultura\/","title":{"rendered":"Lugo en marcha con el turismo,  camino primitivo y la cultura"},"content":{"rendered":"[vc_row type=\u00bbin_container\u00bb full_screen_row_position=\u00bbmiddle\u00bb scene_position=\u00bbcenter\u00bb text_color=\u00bbdark\u00bb text_align=\u00bbleft\u00bb overlay_strength=\u00bb0.3&#8243; shape_divider_position=\u00bbbottom\u00bb shape_type=\u00bb\u00bb][vc_column column_padding=\u00bbno-extra-padding\u00bb column_padding_position=\u00bball\u00bb background_color_opacity=\u00bb1&#8243; background_hover_color_opacity=\u00bb1&#8243; column_link_target=\u00bb_self\u00bb column_shadow=\u00bbnone\u00bb column_border_radius=\u00bbnone\u00bb width=\u00bb1\/1&#8243; tablet_width_inherit=\u00bbdefault\u00bb tablet_text_alignment=\u00bbdefault\u00bb phone_text_alignment=\u00bbdefault\u00bb column_border_width=\u00bbnone\u00bb column_border_style=\u00bbsolid\u00bb][image_with_animation image_url=\u00bb9916&#8243; alignment=\u00bb\u00bb animation=\u00bbFade In\u00bb border_radius=\u00bbnone\u00bb box_shadow=\u00bbnone\u00bb max_width=\u00bb100%\u00bb][\/vc_column][\/vc_row][vc_row type=\u00bbfull_width_background\u00bb full_screen_row_position=\u00bbmiddle\u00bb bg_color=\u00bb#ffffff\u00bb scene_position=\u00bbcenter\u00bb text_color=\u00bbdark\u00bb text_align=\u00bbleft\u00bb top_padding=\u00bb5%\u00bb bottom_padding=\u00bb5%\u00bb overlay_strength=\u00bb0.3&#8243; shape_divider_position=\u00bbbottom\u00bb][vc_column column_padding=\u00bbpadding-2-percent\u00bb column_padding_position=\u00bball\u00bb background_color_opacity=\u00bb1&#8243; background_hover_color_opacity=\u00bb1&#8243; column_link_target=\u00bb_self\u00bb column_shadow=\u00bbnone\u00bb column_border_radius=\u00bbnone\u00bb width=\u00bb1\/1&#8243; tablet_width_inherit=\u00bbdefault\u00bb tablet_text_alignment=\u00bbdefault\u00bb phone_text_alignment=\u00bbdefault\u00bb column_border_width=\u00bbnone\u00bb column_border_style=\u00bbsolid\u00bb][vc_column_text]\n<h2 style=\"color: #1e83ec;\"><span style=\"color: #00b5fe;\">Lugo en marcha con el turismo, camino primitivo y la cultura<\/span><\/h2>\n[divider line_type=\u00bbNo Line\u00bb custom_height=\u00bb10px\u00bb]\n[divider line_type=\u00bbNo Line\u00bb custom_height=\u00bb10px\u00bb]\n<div class=\"page\" title=\"Page 29\">\n<div class=\"section\">\n<div class=\"layoutArea\">\n<div class=\"column\">\n<ul>\n<li>Crearemos el patronato de la cultura para ofrecer una programaci\u00f3n estable y\u00a0desestacionalizada. Habr\u00e1 actividades todos los fines de semana.<\/li>\n<li>Elaboraremos y difundiremos una agenda cultural, en coordinaci\u00f3n con otras administraciones y entidades culturales del municipio para evitar contraprogramaciones o solapamiento de actos.<\/li>\n<li>Designaremos al Cronista Oficial de Lugo.<\/li>\n<li>Determinaremos una estrategia global para definir los usos de los edificiosculturales, (Nuevo Auditorio de Magoi, Vello C\u00e1rcere, Gustavo Freire, MIHL, Biblioteca Municipal Isidro Novo y la futura Biblioteca da Piringalla&#8230;).<\/li>\n<li>Promoveremos un convenio con la Diputaci\u00f3n Provincial para que esta instituci\u00f3n implante canales a nivel provincial para que los ayuntamientos de Lugo puedan utilizar el nuevo Auditorio y, a cambio de esta concesi\u00f3n, colabore en el mantenimiento del mismo.<\/li>\n<li>Proponemos un paquete de medidas para atraer usuarios a la biblioteca municipal\u00a0de Frigsa, como son: ampliar el horario as\u00ed como la apertura los s\u00e1bados por la ma\u00f1ana;promover catas de novedades literarias y actos en la calle.<\/li>\n<li>Pondremos en funcionamiento un bibliob\u00fas para acercar la cultura a los barrios y parroquias.<\/li>\n<li>Garantizaremos la continuidad de la Escuela de M\u00fasica. Mejoraremos las instalaciones para dar cobertura a la demanda actual y futura.<\/li>\n<li>Potenciaremos la banda municipal, para recuperar el prestigio que esta agrupaci\u00f3n musical ten\u00eda como referente gallego.<\/li>\n<li>Apoyaremos a los grupos de teatro local. Estableceremos colaboraciones con lascompa\u00f1\u00edas para programar ciclos y dar uso a espacios como el anfiteatro del campus y el auditorio Gustavo Freire.<\/li>\n<li>Potenciaremos el San Froil\u00e1n para que las fiestas patronales recuperen su esplendor yvuelvan a ser una referencia tanto a nivel gallego como nacional.<\/li>\n<li>Impulsaremos celebraciones con gran tradici\u00f3n en Lugo como la Semana Santa y elCorpus Christi, as\u00ed como la exposici\u00f3n del Sant\u00edsimo Sacramento en la Catedral.<\/li>\n<li>Apostaremos por la innovaci\u00f3n en la programaci\u00f3n de Arde Lucus para consolidaresta celebraci\u00f3n.<\/li>\n<li>Recuperaremos la relaci\u00f3n con las ciudades con las que estamos hermanados(la ciudad portuguesa de de Viana do Castelo, la francesa de Dinan y la china de Quinhuangdao).<\/li>\n<li>Apoyaremos el talento musical de la juventud. Apyaremos a grupos locales emergentes, as\u00ed como a las diferentes agrupaciones musicales (corales, cantareiras&#8230;) proporcion\u00e1ndoles medidas de promoci\u00f3n de sus trabajos (ayudas para el registro, dar visibilidad a sus trabajos, cesi\u00f3n de espacio en radios, incorpor\u00e1ndolas a la programaci\u00f3ncultural y de fiestas).<\/li>\n<li>Elaboraremos un inventario de bienes hist\u00f3ricos, art\u00edsticos y culturales propiedad del Ayuntamiento y recuperaremos y restauraremos la obra de artistas de renombre, que son propiedad municipal y sufren deterioro<\/li>\n<li>Recuperaremos para los lucenses el Cuartel de San Fernando.<\/li>\n<li>Apostaremos por un turismo cultural, natural, hist\u00f3rico y gastron\u00f3mico de calidad.<\/li>\n<li>Lugo est\u00e1 bien ubicado estrat\u00e9gicamente y tenemos que poder presentar una ciudad atractiva, impecable y bien se\u00f1alizada<\/li>\n<li>Aprovecharemos los tres patrimonios de la humanidad (Muralla, Catedral, Camino Primitivo) como reclamo tur\u00edstico para generar empleo e impulsar la actividad econ\u00f3micadel municipio aprovechando la celebraci\u00f3n del Xacobeo 2021.<\/li>\n<li>Propondremos el campus de Lugo como sede de un grado en ciencias culinarias y gastron\u00f3micas con la idea que potenciar el talento de la juventud vinculada a la gastronom\u00eda.<\/li>\n<li>Daremos visibilidad y promoci\u00f3n a las actividades relacionadas con el r\u00edo Mi\u00f1o y el patrimonio ligado a \u00e9l: la recuperaci\u00f3n de instalaciones en desuso como base paraactividades tur\u00edsticas y deportivas, firma de acuerdos con la Confederaci\u00f3n Hidrogr\u00e1fica para la recuperaci\u00f3n de los caneiros, creaci\u00f3n de la playa fluvial y completar el cintur\u00f3nverde.<\/li>\n<li>Lideraremos proyectos de arte en la calle, en los que contaremos con la participaci\u00f3nde la Escuela de Arte y Superior de Dise\u00f1o Ram\u00f3n Falc\u00f3n, as\u00ed como con diferentes profesionales de dise\u00f1o y escuelas de pintura.<\/li>\n<li>Promoveremos un acuerdo con los propietarios de bajos comerciales vac\u00edos para usar sus escaparates para promocionar la programaci\u00f3n cultural y tur\u00edstica de la ciudad.A los que se adhieran al programa se le aplicar\u00e1n descuentos en el IBI.<\/li>\n<li>Dotaremos a la ciudad de nuevos elementos escult\u00f3ricos, uno de ellos en la Plaza deP\u00edo XII donde confluyen los tres patrimonios de la humanidad que posee Lugo.<\/li>\n<li>Impulsaremos un sistema de videovigilancia en el entorno de los monumentos m\u00e1s emblem\u00e1ticos para evitar actos vand\u00e1licos.<\/li>\n<\/ul>\n<\/div>\n<\/div>\n<\/div>\n<\/div>\n<p>&nbsp;<\/p>\n<p><span style=\"color: #00b5fe;\"><strong>Promoveremos el Cami\u00f1o Primitivo y reforzaremos el grado de conocimiento de los lucenses de este Patrimonio Mundial a su paso por el municipio de Lugo. Las medidas se enmarcan en tres ejes:<\/strong><\/span><\/p>\n<p><strong>1.Mejora de la imagen y seguridad del Cami\u00f1o Primitivo<\/strong><\/p>\n<div class=\"page\" title=\"Page 31\">\n<div class=\"section\">\n<div class=\"layoutArea\">\n<div class=\"column\">\n<p>Humanizar zonas como las escaleras de San Eufrasio con Fonti\u00f1as; la confluenciadel Carril das As Frores con la Ronda da Muralla y los pasos subterr\u00e1neos de la carretera de A Ponte y Louzaneta.<\/p>\n<p>Unificar criterios y elaborar un cat\u00e1logo para las intervenciones que se realicen en el Cami\u00f1o para evitar fe\u00edsmos, como la fuente-mausoleo de Bascuas.<\/p>\n<p>Impulsar mediante subvenciones el arreglo de fachadas de las viviendas ubicadas en los barrios de A Chanca-O Carmen-A Ponte.<\/p>\n<p>&#8211; Se\u00f1alizar el paso de peatones en el cruce del Camino Primitivo con la Ronda do Carmen.<\/p>\n<\/div>\n<\/div>\n<\/div>\n<\/div>\n<p><strong>2. Promoci\u00f3n:<\/strong><\/p>\n<div class=\"page\" title=\"Page 31\">\n<div class=\"section\">\n<div class=\"layoutArea\">\n<div class=\"column\">\n<p>Instalar un elemento visualmente atractivo en la Praza do Cami\u00f1o (Fonti\u00f1as) para que los peregrinos difundan la idea de Lugo como punto de partida del Cami\u00f1o.<\/p>\n<p>Crear l\u00edneas de ayuda para la creaci\u00f3n de empresas relacionadas con el Cami\u00f1o.<\/p>\n<p>Difusi\u00f3n del Cami\u00f1o Primitivo entre los m\u00e1s peque\u00f1os con el apoyo de CEIPs con acciones como la creaci\u00f3n de una credencial infantil o convocatoria de concursos.<\/p>\n<p>Reforzar el v\u00ednculo entre la dimensi\u00f3n cultural-deportiva y musical del Cami\u00f1ocon la organizaci\u00f3n de actividades abiertas al p\u00fablico en general.<\/p>\n<p>En colaboraci\u00f3n con los hoteleros de Lugo, organizaremos un concurso de \u201cE-tapas\u201d en el Cami\u00f1o Primitivo; creaci\u00f3n y promoci\u00f3n del men\u00fa del peregrino,as\u00ed como una credencial de tapas por el Cami\u00f1o que se pueda integrar dentro del propio concurso de tapas del Ayuntamiento.<\/p>\n<p>Potenciar el D\u00eda del Cami\u00f1o Primitivo, ya que con la Muralla y la Catedral son nuestros Patrimonios de la Humanidad, celebrando actos donde participen asociaciones, centros escolares y ciudadanos en general para dar a conocer mejor la ruta jacobea<\/p>\n<p>Apoyo en la difusi\u00f3n de actividades relacionadas con el recorrido de tramos relativos al Cami\u00f1o Primitivo, as\u00ed como otras rutas como la V\u00eda XIX, la V\u00eda Kuning y la V\u00eda Regia.<\/p>\n<\/div>\n<\/div>\n<\/div>\n<\/div>\n<p><strong>\u00a03. Captaci\u00f3n de peregrinos\/as<\/strong><\/p>\n<div class=\"page\" title=\"Page 32\">\n<div class=\"section\">\n<div class=\"layoutArea\">\n<div class=\"column\">\n<p>Ofrecer a los peregrinos que se encuentran en villas cercanas a Lugo como Sarria, Portomar\u00edn y Palas de Rei una propuesta atractiva para que se desplacena Lugo en sus horas de descanso.<\/p>\n<p>En colaboraci\u00f3n con el Ayuntamiento de Oviedo, dise\u00f1o de una credencial propia del Cami\u00f1o Primitivo, y de un diploma tipo \u201cCompostela\u201d, para el recuerdo de los peregrinos que pasen por nuestra ciudad.<\/p>\n<p>Elaborar nuevos folletos e instalar puntos de informaci\u00f3n durante San Froil\u00e1n y Arde Lucus, as\u00ed como la promoci\u00f3n en webs especializadas.<\/p>\n<p>Mejorar la se\u00f1alizaci\u00f3n del tramo urbano del Cami\u00f1o, con la colocaci\u00f3n depaneles en las estaciones de autob\u00fas y ferrocarril.<\/p>\n<\/div>\n<\/div>\n<\/div>\n<\/div>\n<p><strong>\u00a0<\/strong><\/p>\n<p><strong>\u00a0<\/strong><\/p>\n[divider line_type=\u00bbNo Line\u00bb custom_height=\u00bb10px\u00bb]\n<p>&nbsp;<\/p>\n<p style=\"text-align: center;\"><a class=\"nectar-button n-sc-button medium see-through-2 has-icon\"  href=\"http:\/\/www.ppdelugo.com\/es\/lugo-en-marcha\/\" data-color-override=\"#0bb2ff\"  data-hover-color-override=\"##0bb2ff\" data-hover-text-color-override=\"#0bb2ff\"><span>Regresar a las Propuestas<\/span><i class=\"steadysets-icon-arrow-right\"><\/i><\/a>\n[\/vc_column_text][\/vc_column][\/vc_row]\n","protected":false},"excerpt":{"rendered":"<p>[vc_row type=\u00bbin_container\u00bb full_screen_row_position=\u00bbmiddle\u00bb scene_position=\u00bbcenter\u00bb text_color=\u00bbdark\u00bb text_align=\u00bbleft\u00bb overlay_strength=\u00bb0.3&#8243; shape_divider_position=\u00bbbottom\u00bb shape_type=\u00bb\u00bb][vc_column column_padding=\u00bbno-extra-padding\u00bb column_padding_position=\u00bball\u00bb background_color_opacity=\u00bb1&#8243; background_hover_color_opacity=\u00bb1&#8243; column_link_target=\u00bb_self\u00bb column_shadow=\u00bbnone\u00bb column_border_radius=\u00bbnone\u00bb width=\u00bb1\/1&#8243; tablet_width_inherit=\u00bbdefault\u00bb tablet_text_alignment=\u00bbdefault\u00bb phone_text_alignment=\u00bbdefault\u00bb column_border_width=\u00bbnone\u00bb column_border_style=\u00bbsolid\u00bb][image_with_animation image_url=\u00bb9916&#8243; alignment=\u00bb\u00bb animation=\u00bbFade In\u00bb border_radius=\u00bbnone\u00bb box_shadow=\u00bbnone\u00bb max_width=\u00bb100%\u00bb][\/vc_column][\/vc_row][vc_row type=\u00bbfull_width_background\u00bb&#8230;<\/p>\n","protected":false},"author":8,"featured_media":0,"parent":0,"menu_order":0,"comment_status":"closed","ping_status":"closed","template":"","meta":{"footnotes":""},"class_list":["post-9897","page","type-page","status-publish"],"yoast_head":"<!-- This site is optimized with the Yoast SEO plugin v27.4 - https:\/\/yoast.com\/product\/yoast-seo-wordpress\/ -->\n<title>Lugo en marcha con el turismo, camino primitivo y la cultura - Grupo Municipal Partido Popular de Lugo<\/title>\n<meta name=\"robots\" content=\"index, follow, max-snippet:-1, max-image-preview:large, max-video-preview:-1\" \/>\n<link rel=\"canonical\" href=\"https:\/\/www.ppdelugo.com\/es\/lugo-en-marcha-con-el-turismo-camino-primitivo-y-la-cultura\/\" \/>\n<meta property=\"og:locale\" content=\"es_ES\" \/>\n<meta property=\"og:type\" content=\"article\" \/>\n<meta property=\"og:title\" content=\"Lugo en marcha con el turismo, camino primitivo y la cultura - Grupo Municipal Partido Popular de Lugo\" \/>\n<meta property=\"og:description\" content=\"[vc_row type=\u00bbin_container\u00bb full_screen_row_position=\u00bbmiddle\u00bb scene_position=\u00bbcenter\u00bb text_color=\u00bbdark\u00bb text_align=\u00bbleft\u00bb overlay_strength=\u00bb0.3&#8243; shape_divider_position=\u00bbbottom\u00bb shape_type=\u00bb\u00bb][vc_column column_padding=\u00bbno-extra-padding\u00bb column_padding_position=\u00bball\u00bb background_color_opacity=\u00bb1&#8243; background_hover_color_opacity=\u00bb1&#8243; column_link_target=\u00bb_self\u00bb column_shadow=\u00bbnone\u00bb column_border_radius=\u00bbnone\u00bb width=\u00bb1\/1&#8243; tablet_width_inherit=\u00bbdefault\u00bb tablet_text_alignment=\u00bbdefault\u00bb phone_text_alignment=\u00bbdefault\u00bb column_border_width=\u00bbnone\u00bb column_border_style=\u00bbsolid\u00bb][image_with_animation image_url=\u00bb9916&#8243; alignment=\u00bb\u00bb animation=\u00bbFade In\u00bb border_radius=\u00bbnone\u00bb box_shadow=\u00bbnone\u00bb max_width=\u00bb100%\u00bb][\/vc_column][\/vc_row][vc_row type=\u00bbfull_width_background\u00bb...\" \/>\n<meta property=\"og:url\" content=\"https:\/\/www.ppdelugo.com\/es\/lugo-en-marcha-con-el-turismo-camino-primitivo-y-la-cultura\/\" \/>\n<meta property=\"og:site_name\" content=\"Grupo Municipal Partido Popular de Lugo\" \/>\n<meta property=\"article:modified_time\" content=\"2019-04-26T12:28:58+00:00\" \/>\n<meta name=\"twitter:card\" content=\"summary_large_image\" \/>\n<meta name=\"twitter:label1\" content=\"Tiempo de lectura\" \/>\n\t<meta name=\"twitter:data1\" content=\"7 minutos\" \/>\n<script type=\"application\/ld+json\" class=\"yoast-schema-graph\">{\"@context\":\"https:\\\/\\\/schema.org\",\"@graph\":[{\"@type\":\"WebPage\",\"@id\":\"https:\\\/\\\/www.ppdelugo.com\\\/es\\\/lugo-en-marcha-con-el-turismo-camino-primitivo-y-la-cultura\\\/\",\"url\":\"https:\\\/\\\/www.ppdelugo.com\\\/es\\\/lugo-en-marcha-con-el-turismo-camino-primitivo-y-la-cultura\\\/\",\"name\":\"Lugo en marcha con el turismo, camino primitivo y la cultura - Grupo Municipal Partido Popular de Lugo\",\"isPartOf\":{\"@id\":\"https:\\\/\\\/www.ppdelugo.com\\\/es\\\/#website\"},\"datePublished\":\"2019-02-19T11:11:47+00:00\",\"dateModified\":\"2019-04-26T12:28:58+00:00\",\"breadcrumb\":{\"@id\":\"https:\\\/\\\/www.ppdelugo.com\\\/es\\\/lugo-en-marcha-con-el-turismo-camino-primitivo-y-la-cultura\\\/#breadcrumb\"},\"inLanguage\":\"es\",\"potentialAction\":[{\"@type\":\"ReadAction\",\"target\":[\"https:\\\/\\\/www.ppdelugo.com\\\/es\\\/lugo-en-marcha-con-el-turismo-camino-primitivo-y-la-cultura\\\/\"]}]},{\"@type\":\"BreadcrumbList\",\"@id\":\"https:\\\/\\\/www.ppdelugo.com\\\/es\\\/lugo-en-marcha-con-el-turismo-camino-primitivo-y-la-cultura\\\/#breadcrumb\",\"itemListElement\":[{\"@type\":\"ListItem\",\"position\":1,\"name\":\"Portada\",\"item\":\"https:\\\/\\\/www.ppdelugo.com\\\/es\\\/\"},{\"@type\":\"ListItem\",\"position\":2,\"name\":\"Lugo en marcha con el turismo, camino primitivo y la cultura\"}]},{\"@type\":\"WebSite\",\"@id\":\"https:\\\/\\\/www.ppdelugo.com\\\/es\\\/#website\",\"url\":\"https:\\\/\\\/www.ppdelugo.com\\\/es\\\/\",\"name\":\"Grupo Municipal Partido Popular de Lugo\",\"description\":\"Web del Grupo Municipal del Partido Popular en el Ayuntamiento de Lugo, con informaci\u00f3n sobre Lugo y fomento de la participaci\u00f3n ciudadana\",\"potentialAction\":[{\"@type\":\"SearchAction\",\"target\":{\"@type\":\"EntryPoint\",\"urlTemplate\":\"https:\\\/\\\/www.ppdelugo.com\\\/es\\\/?s={search_term_string}\"},\"query-input\":{\"@type\":\"PropertyValueSpecification\",\"valueRequired\":true,\"valueName\":\"search_term_string\"}}],\"inLanguage\":\"es\"}]}<\/script>\n<!-- \/ Yoast SEO plugin. -->","yoast_head_json":{"title":"Lugo en marcha con el turismo, camino primitivo y la cultura - Grupo Municipal Partido Popular de Lugo","robots":{"index":"index","follow":"follow","max-snippet":"max-snippet:-1","max-image-preview":"max-image-preview:large","max-video-preview":"max-video-preview:-1"},"canonical":"https:\/\/www.ppdelugo.com\/es\/lugo-en-marcha-con-el-turismo-camino-primitivo-y-la-cultura\/","og_locale":"es_ES","og_type":"article","og_title":"Lugo en marcha con el turismo, camino primitivo y la cultura - Grupo Municipal Partido Popular de Lugo","og_description":"[vc_row type=\u00bbin_container\u00bb full_screen_row_position=\u00bbmiddle\u00bb scene_position=\u00bbcenter\u00bb text_color=\u00bbdark\u00bb text_align=\u00bbleft\u00bb overlay_strength=\u00bb0.3&#8243; shape_divider_position=\u00bbbottom\u00bb shape_type=\u00bb\u00bb][vc_column column_padding=\u00bbno-extra-padding\u00bb column_padding_position=\u00bball\u00bb background_color_opacity=\u00bb1&#8243; background_hover_color_opacity=\u00bb1&#8243; column_link_target=\u00bb_self\u00bb column_shadow=\u00bbnone\u00bb column_border_radius=\u00bbnone\u00bb width=\u00bb1\/1&#8243; tablet_width_inherit=\u00bbdefault\u00bb tablet_text_alignment=\u00bbdefault\u00bb phone_text_alignment=\u00bbdefault\u00bb column_border_width=\u00bbnone\u00bb column_border_style=\u00bbsolid\u00bb][image_with_animation image_url=\u00bb9916&#8243; alignment=\u00bb\u00bb animation=\u00bbFade In\u00bb border_radius=\u00bbnone\u00bb box_shadow=\u00bbnone\u00bb max_width=\u00bb100%\u00bb][\/vc_column][\/vc_row][vc_row type=\u00bbfull_width_background\u00bb...","og_url":"https:\/\/www.ppdelugo.com\/es\/lugo-en-marcha-con-el-turismo-camino-primitivo-y-la-cultura\/","og_site_name":"Grupo Municipal Partido Popular de Lugo","article_modified_time":"2019-04-26T12:28:58+00:00","twitter_card":"summary_large_image","twitter_misc":{"Tiempo de lectura":"7 minutos"},"schema":{"@context":"https:\/\/schema.org","@graph":[{"@type":"WebPage","@id":"https:\/\/www.ppdelugo.com\/es\/lugo-en-marcha-con-el-turismo-camino-primitivo-y-la-cultura\/","url":"https:\/\/www.ppdelugo.com\/es\/lugo-en-marcha-con-el-turismo-camino-primitivo-y-la-cultura\/","name":"Lugo en marcha con el turismo, camino primitivo y la cultura - Grupo Municipal Partido Popular de Lugo","isPartOf":{"@id":"https:\/\/www.ppdelugo.com\/es\/#website"},"datePublished":"2019-02-19T11:11:47+00:00","dateModified":"2019-04-26T12:28:58+00:00","breadcrumb":{"@id":"https:\/\/www.ppdelugo.com\/es\/lugo-en-marcha-con-el-turismo-camino-primitivo-y-la-cultura\/#breadcrumb"},"inLanguage":"es","potentialAction":[{"@type":"ReadAction","target":["https:\/\/www.ppdelugo.com\/es\/lugo-en-marcha-con-el-turismo-camino-primitivo-y-la-cultura\/"]}]},{"@type":"BreadcrumbList","@id":"https:\/\/www.ppdelugo.com\/es\/lugo-en-marcha-con-el-turismo-camino-primitivo-y-la-cultura\/#breadcrumb","itemListElement":[{"@type":"ListItem","position":1,"name":"Portada","item":"https:\/\/www.ppdelugo.com\/es\/"},{"@type":"ListItem","position":2,"name":"Lugo en marcha con el turismo, camino primitivo y la cultura"}]},{"@type":"WebSite","@id":"https:\/\/www.ppdelugo.com\/es\/#website","url":"https:\/\/www.ppdelugo.com\/es\/","name":"Grupo Municipal Partido Popular de Lugo","description":"Web del Grupo Municipal del Partido Popular en el Ayuntamiento de Lugo, con informaci\u00f3n sobre Lugo y fomento de la participaci\u00f3n ciudadana","potentialAction":[{"@type":"SearchAction","target":{"@type":"EntryPoint","urlTemplate":"https:\/\/www.ppdelugo.com\/es\/?s={search_term_string}"},"query-input":{"@type":"PropertyValueSpecification","valueRequired":true,"valueName":"search_term_string"}}],"inLanguage":"es"}]}},"_links":{"self":[{"href":"https:\/\/www.ppdelugo.com\/es\/wp-json\/wp\/v2\/pages\/9897","targetHints":{"allow":["GET"]}}],"collection":[{"href":"https:\/\/www.ppdelugo.com\/es\/wp-json\/wp\/v2\/pages"}],"about":[{"href":"https:\/\/www.ppdelugo.com\/es\/wp-json\/wp\/v2\/types\/page"}],"author":[{"embeddable":true,"href":"https:\/\/www.ppdelugo.com\/es\/wp-json\/wp\/v2\/users\/8"}],"replies":[{"embeddable":true,"href":"https:\/\/www.ppdelugo.com\/es\/wp-json\/wp\/v2\/comments?post=9897"}],"version-history":[{"count":0,"href":"https:\/\/www.ppdelugo.com\/es\/wp-json\/wp\/v2\/pages\/9897\/revisions"}],"wp:attachment":[{"href":"https:\/\/www.ppdelugo.com\/es\/wp-json\/wp\/v2\/media?parent=9897"}],"curies":[{"name":"wp","href":"https:\/\/api.w.org\/{rel}","templated":true}]}}