{"id":9890,"date":"2019-02-19T09:15:56","date_gmt":"2019-02-19T09:15:56","guid":{"rendered":"http:\/\/www.ppdelugo.com\/?page_id=9890"},"modified":"2019-04-26T11:52:28","modified_gmt":"2019-04-26T11:52:28","slug":"lugo-en-marcha-con-talento-y-el-emprendimiento","status":"publish","type":"page","link":"https:\/\/www.ppdelugo.com\/es\/lugo-en-marcha-con-talento-y-el-emprendimiento\/","title":{"rendered":"LUGO EN MARCHA CON TALENTO Y EL EMPRENDIMIENTO"},"content":{"rendered":"[vc_row type=\u00bbin_container\u00bb full_screen_row_position=\u00bbmiddle\u00bb scene_position=\u00bbcenter\u00bb text_color=\u00bbdark\u00bb text_align=\u00bbleft\u00bb overlay_strength=\u00bb0.3&#8243; shape_divider_position=\u00bbbottom\u00bb shape_type=\u00bb\u00bb][vc_column column_padding=\u00bbno-extra-padding\u00bb column_padding_position=\u00bball\u00bb background_color_opacity=\u00bb1&#8243; background_hover_color_opacity=\u00bb1&#8243; column_link_target=\u00bb_self\u00bb column_shadow=\u00bbnone\u00bb column_border_radius=\u00bbnone\u00bb width=\u00bb1\/1&#8243; tablet_width_inherit=\u00bbdefault\u00bb tablet_text_alignment=\u00bbdefault\u00bb phone_text_alignment=\u00bbdefault\u00bb column_border_width=\u00bbnone\u00bb column_border_style=\u00bbsolid\u00bb][image_with_animation image_url=\u00bb9926&#8243; alignment=\u00bb\u00bb animation=\u00bbFade In\u00bb border_radius=\u00bbnone\u00bb box_shadow=\u00bbnone\u00bb max_width=\u00bb100%\u00bb][\/vc_column][\/vc_row][vc_row type=\u00bbfull_width_background\u00bb full_screen_row_position=\u00bbmiddle\u00bb bg_color=\u00bb#ffffff\u00bb scene_position=\u00bbcenter\u00bb text_color=\u00bbdark\u00bb text_align=\u00bbleft\u00bb top_padding=\u00bb5%\u00bb bottom_padding=\u00bb5%\u00bb overlay_strength=\u00bb0.3&#8243; shape_divider_position=\u00bbbottom\u00bb][vc_column column_padding=\u00bbpadding-2-percent\u00bb column_padding_position=\u00bball\u00bb background_color_opacity=\u00bb1&#8243; background_hover_color_opacity=\u00bb1&#8243; column_link_target=\u00bb_self\u00bb column_shadow=\u00bbnone\u00bb column_border_radius=\u00bbnone\u00bb width=\u00bb1\/1&#8243; tablet_width_inherit=\u00bbdefault\u00bb tablet_text_alignment=\u00bbdefault\u00bb phone_text_alignment=\u00bbdefault\u00bb column_border_width=\u00bbnone\u00bb column_border_style=\u00bbsolid\u00bb][vc_column_text]\n<h2 style=\"color: #1e83ec;\"><span style=\"color: #00b5fe;\">LUGO EN MARCHA CON EL TALENTO Y EL EMPRENDEMENTO<\/span><\/h2>\n<div class=\"page\" title=\"Page 18\">\n<div class=\"section\">\n<div class=\"layoutArea\">\n<div class=\"column\">\n<ul>\n<li>Elaboraremos un \u201cPlan de captaci\u00f3n de inversiones, empresas y creaci\u00f3n de em- pleo\u201d para difundir los beneficios y ventajas de invertir en Lugo, tanto en ferias naciona- les como internacionales, adem\u00e1s de campa\u00f1as de captaci\u00f3n de inversiones y empresas.<\/li>\n<li>Impulsaremos un \u201cPrograma de Emprendimiento Municipal\u201d para fomentar el esp\u00edri- tu emprendedor como alternativa frente al empleo por cuenta ajena, generando nuevas oportunidades para la creaci\u00f3n de puestos de trabajo.<\/li>\n<li>Facilitaremos medidas e incentivos para buscar la ocupaci\u00f3n de locales vac\u00edos deln\u00facleo hist\u00f3rico y el resto de la ciudad, y fomentaremos la mejora de la imagen de estoslugares mientras no est\u00e9n ocupados.<\/li>\n<li>Pondremos en marcha un \u201cPrograma de Mentores Senior\u201d, en el que se pueda resal-tar la experiencia y el conocimiento de las personas que ya han terminado su vida laboral,pero que por su profesi\u00f3n pueden ayudar a los emprendedores.<\/li>\n<li>Promoveremos un \u201cPlan de Rehabilitaci\u00f3n y Mantenimiento de Pol\u00edgonos Industria-les\u201d. En colaboraci\u00f3n con las asociaciones empresariales, para mejorar el asfaltado de las calles, la se\u00f1alizaci\u00f3n vial, la red el\u00e9ctrica, etc.<\/li>\n<li>Estableceremos un \u201cPlan de incentivos fiscales\u201d con una duraci\u00f3n de cuatro a\u00f1os, diri-gido a atraer nuevas empresas generadoras de empleo, con una bonificaci\u00f3n de hasta el50% a las licencias de apertura, obras y en el impuesto de actividades econ\u00f3micas.<\/li>\n<li>Crearemos un Programa de Ayudas locales dirigido al emprendimiento para la crea- ci\u00f3n de nuevas empresas pertenecientes al sector del peque\u00f1o comercio.<\/li>\n<li>Potenciaremos la \u201cMesa Local de Comercio\u201d para que funcione como un canal efecti- vo para intercambiar informaci\u00f3n y propuestas con representantes comerciales, estable- ciendo reuniones mensuales.<\/li>\n<li>Implementaremos \u201cPlanes de apoyo al trabajador aut\u00f3nomo y a las PYMES\u201d, para favorecer la sostenibilidad de los negocios familiares.<\/li>\n<li>Adoptaremos la \u201cInnovaci\u00f3n Social\u201d como un modelo colaborativo basado en la ges- ti\u00f3n del talento, dirigido a empoderar a los ciudadanos y a los diferentes actores socialespara que intervengan en la toma de decisiones, con el fin de que brinden alternativas y soluciones que generen valor p\u00fablico que impacte en nuestra ciudad.<\/li>\n<li>Elaboraremos \u201cPlanes Especiales de Inversi\u00f3n y Actuaci\u00f3n Territorial\u201d, orientados a la provisi\u00f3n de dotaciones e infraestructuras b\u00e1sicas en los barrios de la ciudad con ma-yores desigualdades. El objetivo es hacer m\u00e1s competitivas estas zonas, favoreciendo elemprendimiento, el empleo y la generaci\u00f3n de oportunidades.<\/li>\n<li>Impulsaremos de manera real y eficaz los viveros empresariales, prestando una es- pecial atenci\u00f3n a la capacidad de generaci\u00f3n de tejido empresarial.<\/li>\n<\/ul>\n<\/div>\n<\/div>\n<\/div>\n<\/div>\n<div class=\"page\" title=\"Page 19\">\n<div class=\"section\">\n<div class=\"layoutArea\">\n<div class=\"column\">\n<ul>\n<li>Crearemos los \u201cPremios Emprendedores\u201d dirigidos a los mejores proyectos e iniciativas empresariales que se lleven a cabo en el Ayuntamiento.<\/li>\n<li>Ejecutaremos un plan de capacitaci\u00f3n de apoyo a la incorporaci\u00f3n laboral y al em- prendimiento de colectivos desfavorecidos y con mayor dificultad de acceso al em- pleo, como j\u00f3venes, mujeres, mayores de 45 a\u00f1os y personas con discapacidad.<\/li>\n<li>Crearemos un \u201cConsejo Ciudadano para el Empleo\u201d, formado por agentes sociales y las empresas locales para impulsar medidas activas de empleo activo, dirigidas a la crea-ci\u00f3n de oportunidades para la generaci\u00f3n de negocios y empleo, as\u00ed como la calificaci\u00f3ny el reciclaje profesional de trabajadores, especialmente aquellos en situaci\u00f3n de mayordificultad para acceder o retornar al mercado laboral.<\/li>\n<li>Lanzaremos una l\u00ednea de ayudas para la renovaci\u00f3n y modernizaci\u00f3n del peque\u00f1o comercio a trav\u00e9s de la introducci\u00f3n de nuevas tecnolog\u00edas.<\/li>\n<li>Desarrollaremos acciones que respalden el comercio tradicional que promueva la comercializaci\u00f3n de productos aut\u00f3ctonos.<\/li>\n<li>Elaboraremos una \u201cGu\u00eda de Comercio de Proximidad y la industria de la Hosteler\u00eda\u201d,<\/li>\n<li>tanto en papel como en formato electr\u00f3nico, que incluya un cat\u00e1logo de servicios y esta- blecimientos que favorezca la creaci\u00f3n de una imagen y un manual de identidad corpora-tiva que identifique el comercio de Lugo.<\/li>\n<li>Crearemos un \u201cFondo Municipal de Bolsas de Formaci\u00f3n\u201d, dirigido a desempleados de larga duraci\u00f3n.<\/li>\n<li>Fomentaremos la actividad comercial en mercados municipales y modernizaremoslos edificios e instalaciones.<\/li>\n<li>Apoyaremos a las empresas de econom\u00eda social, o su crecimiento, as\u00ed como el impul- so a la cooperaci\u00f3n y asociaci\u00f3n de los mismos como f\u00f3rmula para promover su consoli- daci\u00f3n y expansi\u00f3n.<\/li>\n<li>Crearemos canales de comunicaci\u00f3n con el resto de Centros de Negocios e Innova-ci\u00f3n del pa\u00eds, para compartir las experiencias de los emprendedores, aprovechando lassinergias que genera la Sociedad del Conocimiento.<\/li>\n<li>Apoyo y la colaboraci\u00f3n con la universidad para aprovechar el talento y potencial in- vestigador de los estudiantes de Campus Tierra.<\/li>\n<li>Becas para estudiantes universitarios de cara a la extensi\u00f3n de los estudios relaciona- dos con el municipio de Lugo.<\/li>\n<li>Premios a los mejores expedientes en bachillerato.<\/li>\n<\/ul>\n<\/div>\n<\/div>\n<\/div>\n<\/div>\n<p>&nbsp;<\/p>\n<p style=\"text-align: center;\"><a class=\"nectar-button n-sc-button medium see-through-2 has-icon\"  href=\"http:\/\/www.ppdelugo.com\/es\/lugo-en-marcha\/\" data-color-override=\"#0bb2ff\"  data-hover-color-override=\"##0bb2ff\" data-hover-text-color-override=\"#0bb2ff\"><span>Regresar a las propuestas<\/span><i class=\"steadysets-icon-arrow-right\"><\/i><\/a>\n[\/vc_column_text][\/vc_column][\/vc_row]\n","protected":false},"excerpt":{"rendered":"<p>[vc_row type=\u00bbin_container\u00bb full_screen_row_position=\u00bbmiddle\u00bb scene_position=\u00bbcenter\u00bb text_color=\u00bbdark\u00bb text_align=\u00bbleft\u00bb overlay_strength=\u00bb0.3&#8243; shape_divider_position=\u00bbbottom\u00bb shape_type=\u00bb\u00bb][vc_column column_padding=\u00bbno-extra-padding\u00bb column_padding_position=\u00bball\u00bb background_color_opacity=\u00bb1&#8243; background_hover_color_opacity=\u00bb1&#8243; column_link_target=\u00bb_self\u00bb column_shadow=\u00bbnone\u00bb column_border_radius=\u00bbnone\u00bb width=\u00bb1\/1&#8243; tablet_width_inherit=\u00bbdefault\u00bb tablet_text_alignment=\u00bbdefault\u00bb phone_text_alignment=\u00bbdefault\u00bb column_border_width=\u00bbnone\u00bb column_border_style=\u00bbsolid\u00bb][image_with_animation image_url=\u00bb9926&#8243; alignment=\u00bb\u00bb animation=\u00bbFade In\u00bb border_radius=\u00bbnone\u00bb box_shadow=\u00bbnone\u00bb max_width=\u00bb100%\u00bb][\/vc_column][\/vc_row][vc_row type=\u00bbfull_width_background\u00bb&#8230;<\/p>\n","protected":false},"author":8,"featured_media":0,"parent":0,"menu_order":0,"comment_status":"closed","ping_status":"closed","template":"","meta":{"footnotes":""},"class_list":["post-9890","page","type-page","status-publish"],"yoast_head":"<!-- This site is optimized with the Yoast SEO plugin v27.4 - https:\/\/yoast.com\/product\/yoast-seo-wordpress\/ -->\n<title>LUGO EN MARCHA CON TALENTO Y EL EMPRENDIMIENTO - Grupo Municipal Partido Popular de Lugo<\/title>\n<meta name=\"robots\" content=\"index, follow, max-snippet:-1, max-image-preview:large, max-video-preview:-1\" \/>\n<link rel=\"canonical\" href=\"https:\/\/www.ppdelugo.com\/es\/lugo-en-marcha-con-talento-y-el-emprendimiento\/\" \/>\n<meta property=\"og:locale\" content=\"es_ES\" \/>\n<meta property=\"og:type\" content=\"article\" \/>\n<meta property=\"og:title\" content=\"LUGO EN MARCHA CON TALENTO Y EL EMPRENDIMIENTO - Grupo Municipal Partido Popular de Lugo\" \/>\n<meta property=\"og:description\" content=\"[vc_row type=\u00bbin_container\u00bb full_screen_row_position=\u00bbmiddle\u00bb scene_position=\u00bbcenter\u00bb text_color=\u00bbdark\u00bb text_align=\u00bbleft\u00bb overlay_strength=\u00bb0.3&#8243; shape_divider_position=\u00bbbottom\u00bb shape_type=\u00bb\u00bb][vc_column column_padding=\u00bbno-extra-padding\u00bb column_padding_position=\u00bball\u00bb background_color_opacity=\u00bb1&#8243; background_hover_color_opacity=\u00bb1&#8243; column_link_target=\u00bb_self\u00bb column_shadow=\u00bbnone\u00bb column_border_radius=\u00bbnone\u00bb width=\u00bb1\/1&#8243; tablet_width_inherit=\u00bbdefault\u00bb tablet_text_alignment=\u00bbdefault\u00bb phone_text_alignment=\u00bbdefault\u00bb column_border_width=\u00bbnone\u00bb column_border_style=\u00bbsolid\u00bb][image_with_animation image_url=\u00bb9926&#8243; alignment=\u00bb\u00bb animation=\u00bbFade In\u00bb border_radius=\u00bbnone\u00bb box_shadow=\u00bbnone\u00bb max_width=\u00bb100%\u00bb][\/vc_column][\/vc_row][vc_row type=\u00bbfull_width_background\u00bb...\" \/>\n<meta property=\"og:url\" content=\"https:\/\/www.ppdelugo.com\/es\/lugo-en-marcha-con-talento-y-el-emprendimiento\/\" \/>\n<meta property=\"og:site_name\" content=\"Grupo Municipal Partido Popular de Lugo\" \/>\n<meta property=\"article:modified_time\" content=\"2019-04-26T11:52:28+00:00\" \/>\n<meta name=\"twitter:card\" content=\"summary_large_image\" \/>\n<meta name=\"twitter:label1\" content=\"Tiempo de lectura\" \/>\n\t<meta name=\"twitter:data1\" content=\"5 minutos\" \/>\n<script type=\"application\/ld+json\" class=\"yoast-schema-graph\">{\"@context\":\"https:\\\/\\\/schema.org\",\"@graph\":[{\"@type\":\"WebPage\",\"@id\":\"https:\\\/\\\/www.ppdelugo.com\\\/es\\\/lugo-en-marcha-con-talento-y-el-emprendimiento\\\/\",\"url\":\"https:\\\/\\\/www.ppdelugo.com\\\/es\\\/lugo-en-marcha-con-talento-y-el-emprendimiento\\\/\",\"name\":\"LUGO EN MARCHA CON TALENTO Y EL EMPRENDIMIENTO - Grupo Municipal Partido Popular de Lugo\",\"isPartOf\":{\"@id\":\"https:\\\/\\\/www.ppdelugo.com\\\/es\\\/#website\"},\"datePublished\":\"2019-02-19T09:15:56+00:00\",\"dateModified\":\"2019-04-26T11:52:28+00:00\",\"breadcrumb\":{\"@id\":\"https:\\\/\\\/www.ppdelugo.com\\\/es\\\/lugo-en-marcha-con-talento-y-el-emprendimiento\\\/#breadcrumb\"},\"inLanguage\":\"es\",\"potentialAction\":[{\"@type\":\"ReadAction\",\"target\":[\"https:\\\/\\\/www.ppdelugo.com\\\/es\\\/lugo-en-marcha-con-talento-y-el-emprendimiento\\\/\"]}]},{\"@type\":\"BreadcrumbList\",\"@id\":\"https:\\\/\\\/www.ppdelugo.com\\\/es\\\/lugo-en-marcha-con-talento-y-el-emprendimiento\\\/#breadcrumb\",\"itemListElement\":[{\"@type\":\"ListItem\",\"position\":1,\"name\":\"Portada\",\"item\":\"https:\\\/\\\/www.ppdelugo.com\\\/es\\\/\"},{\"@type\":\"ListItem\",\"position\":2,\"name\":\"LUGO EN MARCHA CON TALENTO Y EL EMPRENDIMIENTO\"}]},{\"@type\":\"WebSite\",\"@id\":\"https:\\\/\\\/www.ppdelugo.com\\\/es\\\/#website\",\"url\":\"https:\\\/\\\/www.ppdelugo.com\\\/es\\\/\",\"name\":\"Grupo Municipal Partido Popular de Lugo\",\"description\":\"Web del Grupo Municipal del Partido Popular en el Ayuntamiento de Lugo, con informaci\u00f3n sobre Lugo y fomento de la participaci\u00f3n ciudadana\",\"potentialAction\":[{\"@type\":\"SearchAction\",\"target\":{\"@type\":\"EntryPoint\",\"urlTemplate\":\"https:\\\/\\\/www.ppdelugo.com\\\/es\\\/?s={search_term_string}\"},\"query-input\":{\"@type\":\"PropertyValueSpecification\",\"valueRequired\":true,\"valueName\":\"search_term_string\"}}],\"inLanguage\":\"es\"}]}<\/script>\n<!-- \/ Yoast SEO plugin. -->","yoast_head_json":{"title":"LUGO EN MARCHA CON TALENTO Y EL EMPRENDIMIENTO - Grupo Municipal Partido Popular de Lugo","robots":{"index":"index","follow":"follow","max-snippet":"max-snippet:-1","max-image-preview":"max-image-preview:large","max-video-preview":"max-video-preview:-1"},"canonical":"https:\/\/www.ppdelugo.com\/es\/lugo-en-marcha-con-talento-y-el-emprendimiento\/","og_locale":"es_ES","og_type":"article","og_title":"LUGO EN MARCHA CON TALENTO Y EL EMPRENDIMIENTO - Grupo Municipal Partido Popular de Lugo","og_description":"[vc_row type=\u00bbin_container\u00bb full_screen_row_position=\u00bbmiddle\u00bb scene_position=\u00bbcenter\u00bb text_color=\u00bbdark\u00bb text_align=\u00bbleft\u00bb overlay_strength=\u00bb0.3&#8243; shape_divider_position=\u00bbbottom\u00bb shape_type=\u00bb\u00bb][vc_column column_padding=\u00bbno-extra-padding\u00bb column_padding_position=\u00bball\u00bb background_color_opacity=\u00bb1&#8243; background_hover_color_opacity=\u00bb1&#8243; column_link_target=\u00bb_self\u00bb column_shadow=\u00bbnone\u00bb column_border_radius=\u00bbnone\u00bb width=\u00bb1\/1&#8243; tablet_width_inherit=\u00bbdefault\u00bb tablet_text_alignment=\u00bbdefault\u00bb phone_text_alignment=\u00bbdefault\u00bb column_border_width=\u00bbnone\u00bb column_border_style=\u00bbsolid\u00bb][image_with_animation image_url=\u00bb9926&#8243; alignment=\u00bb\u00bb animation=\u00bbFade In\u00bb border_radius=\u00bbnone\u00bb box_shadow=\u00bbnone\u00bb max_width=\u00bb100%\u00bb][\/vc_column][\/vc_row][vc_row type=\u00bbfull_width_background\u00bb...","og_url":"https:\/\/www.ppdelugo.com\/es\/lugo-en-marcha-con-talento-y-el-emprendimiento\/","og_site_name":"Grupo Municipal Partido Popular de Lugo","article_modified_time":"2019-04-26T11:52:28+00:00","twitter_card":"summary_large_image","twitter_misc":{"Tiempo de lectura":"5 minutos"},"schema":{"@context":"https:\/\/schema.org","@graph":[{"@type":"WebPage","@id":"https:\/\/www.ppdelugo.com\/es\/lugo-en-marcha-con-talento-y-el-emprendimiento\/","url":"https:\/\/www.ppdelugo.com\/es\/lugo-en-marcha-con-talento-y-el-emprendimiento\/","name":"LUGO EN MARCHA CON TALENTO Y EL EMPRENDIMIENTO - Grupo Municipal Partido Popular de Lugo","isPartOf":{"@id":"https:\/\/www.ppdelugo.com\/es\/#website"},"datePublished":"2019-02-19T09:15:56+00:00","dateModified":"2019-04-26T11:52:28+00:00","breadcrumb":{"@id":"https:\/\/www.ppdelugo.com\/es\/lugo-en-marcha-con-talento-y-el-emprendimiento\/#breadcrumb"},"inLanguage":"es","potentialAction":[{"@type":"ReadAction","target":["https:\/\/www.ppdelugo.com\/es\/lugo-en-marcha-con-talento-y-el-emprendimiento\/"]}]},{"@type":"BreadcrumbList","@id":"https:\/\/www.ppdelugo.com\/es\/lugo-en-marcha-con-talento-y-el-emprendimiento\/#breadcrumb","itemListElement":[{"@type":"ListItem","position":1,"name":"Portada","item":"https:\/\/www.ppdelugo.com\/es\/"},{"@type":"ListItem","position":2,"name":"LUGO EN MARCHA CON TALENTO Y EL EMPRENDIMIENTO"}]},{"@type":"WebSite","@id":"https:\/\/www.ppdelugo.com\/es\/#website","url":"https:\/\/www.ppdelugo.com\/es\/","name":"Grupo Municipal Partido Popular de Lugo","description":"Web del Grupo Municipal del Partido Popular en el Ayuntamiento de Lugo, con informaci\u00f3n sobre Lugo y fomento de la participaci\u00f3n ciudadana","potentialAction":[{"@type":"SearchAction","target":{"@type":"EntryPoint","urlTemplate":"https:\/\/www.ppdelugo.com\/es\/?s={search_term_string}"},"query-input":{"@type":"PropertyValueSpecification","valueRequired":true,"valueName":"search_term_string"}}],"inLanguage":"es"}]}},"_links":{"self":[{"href":"https:\/\/www.ppdelugo.com\/es\/wp-json\/wp\/v2\/pages\/9890","targetHints":{"allow":["GET"]}}],"collection":[{"href":"https:\/\/www.ppdelugo.com\/es\/wp-json\/wp\/v2\/pages"}],"about":[{"href":"https:\/\/www.ppdelugo.com\/es\/wp-json\/wp\/v2\/types\/page"}],"author":[{"embeddable":true,"href":"https:\/\/www.ppdelugo.com\/es\/wp-json\/wp\/v2\/users\/8"}],"replies":[{"embeddable":true,"href":"https:\/\/www.ppdelugo.com\/es\/wp-json\/wp\/v2\/comments?post=9890"}],"version-history":[{"count":0,"href":"https:\/\/www.ppdelugo.com\/es\/wp-json\/wp\/v2\/pages\/9890\/revisions"}],"wp:attachment":[{"href":"https:\/\/www.ppdelugo.com\/es\/wp-json\/wp\/v2\/media?parent=9890"}],"curies":[{"name":"wp","href":"https:\/\/api.w.org\/{rel}","templated":true}]}}