{"id":9883,"date":"2019-02-19T09:37:49","date_gmt":"2019-02-19T09:37:49","guid":{"rendered":"http:\/\/www.ppdelugo.com\/?page_id=9883"},"modified":"2019-04-26T12:10:04","modified_gmt":"2019-04-26T12:10:04","slug":"lugo-en-marcha-con-la-gestion-eficaz","status":"publish","type":"page","link":"https:\/\/www.ppdelugo.com\/es\/lugo-en-marcha-con-la-gestion-eficaz\/","title":{"rendered":"LUGO EN MARCHA CON LA GESTI\u00d3N EFICAZ"},"content":{"rendered":"[vc_row type=\u00bbin_container\u00bb full_screen_row_position=\u00bbmiddle\u00bb scene_position=\u00bbcenter\u00bb text_color=\u00bbdark\u00bb text_align=\u00bbleft\u00bb overlay_strength=\u00bb0.3&#8243; shape_divider_position=\u00bbbottom\u00bb shape_type=\u00bb\u00bb][vc_column column_padding=\u00bbno-extra-padding\u00bb column_padding_position=\u00bball\u00bb background_color_opacity=\u00bb1&#8243; background_hover_color_opacity=\u00bb1&#8243; column_link_target=\u00bb_self\u00bb column_shadow=\u00bbnone\u00bb column_border_radius=\u00bbnone\u00bb width=\u00bb1\/1&#8243; tablet_width_inherit=\u00bbdefault\u00bb tablet_text_alignment=\u00bbdefault\u00bb phone_text_alignment=\u00bbdefault\u00bb column_border_width=\u00bbnone\u00bb column_border_style=\u00bbsolid\u00bb][image_with_animation image_url=\u00bb9914&#8243; alignment=\u00bb\u00bb animation=\u00bbFade In\u00bb border_radius=\u00bbnone\u00bb box_shadow=\u00bbnone\u00bb max_width=\u00bb100%\u00bb][\/vc_column][\/vc_row][vc_row type=\u00bbfull_width_background\u00bb full_screen_row_position=\u00bbmiddle\u00bb bg_color=\u00bb#ffffff\u00bb scene_position=\u00bbcenter\u00bb text_color=\u00bbdark\u00bb text_align=\u00bbleft\u00bb top_padding=\u00bb5%\u00bb bottom_padding=\u00bb5%\u00bb overlay_strength=\u00bb0.3&#8243; shape_divider_position=\u00bbbottom\u00bb][vc_column column_padding=\u00bbpadding-2-percent\u00bb column_padding_position=\u00bball\u00bb background_color_opacity=\u00bb1&#8243; background_hover_color_opacity=\u00bb1&#8243; column_link_target=\u00bb_self\u00bb column_shadow=\u00bbnone\u00bb column_border_radius=\u00bbnone\u00bb width=\u00bb1\/1&#8243; tablet_width_inherit=\u00bbdefault\u00bb tablet_text_alignment=\u00bbdefault\u00bb phone_text_alignment=\u00bbdefault\u00bb column_border_width=\u00bbnone\u00bb column_border_style=\u00bbsolid\u00bb][vc_column_text]\n<h2 style=\"color: #1e83ec;\"><span style=\"color: #00b5fe;\">LUGO EN MARCHA CON LA GESTI\u00d3N EFICAZ<\/span><\/h2>\n<p>&nbsp;<\/p>\n<ul>\n<li><strong>Sacaremos a licitaci\u00f3n todos los servicios municipales que actualmente se prestan con contratos caducados<\/strong>, para evitar las consecuencias econ\u00f3micas que esto supone para las arcas municipales.<\/li>\n<li><strong>Crearemos un Registro Municipal de Empresas<\/strong> e implementaremos un sistema abier- to de adquisici\u00f3n para contratos menores a trav\u00e9s de una aplicaci\u00f3n web y m\u00f3vil para abrir la participaci\u00f3n en contratos del Ayuntamiento a todos los empresarios lucenses que lo deseen.<\/li>\n<li><strong>Lanzaremos un Plan de Comunicaci\u00f3n Interna en el Ayuntamiento<\/strong> para mejorar el funcionamiento de este, as\u00ed como el servicio a la ciudadan\u00eda.<\/li>\n<li><strong>Elaboraremos de forma totalmente transparente una nueva Relaci\u00f3n de Puestos de Trabajo<\/strong> con la participaci\u00f3n de los trabajadores y sus representantes atendiendo exclusi- vamente a criterios de eficiencia y eficacia.<\/li>\n<li><strong>Promoveremos un Modelo de Gesti\u00f3n de Calidad Total<\/strong>, en el cual se establezca una serie de l\u00edmites temporales para la resoluci\u00f3n de todos los procedimientos administrati- vos, tanto los iniciados por los ciudadanos como los del propio Ayuntamiento, para lograr la excelencia, la mejora permanente y la innovaci\u00f3n continua.<\/li>\n<li><strong>Actualizaremos permanentemente el Inventario de Bienes y Derechos del Ayunta- miento<\/strong>, de conformidad con lo establecido en la Ley, para ayudar a tomar decisiones en virtud de adquisiciones, arrendamientos, reparaciones y conservaci\u00f3n de los inmuebles.<\/li>\n<li><strong>Elaboraremos un Plan de Aprovechamiento de instalaciones municipales<\/strong> que no cuentan con un uso definitivo, para ponerlos en valor y sacar un aprovechamiento de los mismos.<\/li>\n<li><strong>Aprobaremos un Reglamento que establezca los criterios para la cesi\u00f3n o el uso de edificios y dependencias municipales<\/strong>, para que los ciudadanos puedan realizar diversas actividades.<\/li>\n<li>\u00a0Impulsaremos una Tarjeta Ciudadana, d\u00e1ndole m\u00e1s servicios.<\/li>\n<li>Aprobaremos y ejecutaremos las Ofertas de Empleo P\u00fablico, con el fin de mantener la calidad de los servicios municipales, respetando estrictamente los principios constitu-cionales de igualdad, m\u00e9rito y capacidad.<\/li>\n<li><strong>Promoveremos la Administraci\u00f3n Digital para transformar el Ayuntamiento en una Administraci\u00f3n p\u00fablica abierta<\/strong>, eficaz e integradora que proporcione servicios p\u00fabli- cos digitales a todos los ciudadanos y sirva para reducir la burocracia.<\/li>\n<li><strong>Crearemos una oficina de asesor\u00eda y apoyo para propietarios de viviendas afecta- das por ocupaciones irregulares (OKUPAS)<\/strong> que tenga por objeto recuperar sus casas y acompa\u00f1ar a los propietarios durante todo el proceso.<\/li>\n<li><strong>Promoveremos que la contrataci\u00f3n p\u00fablica tenga en cuenta los criterios de innova- ci\u00f3n y responsabilidad social<\/strong>, prestando especial atenci\u00f3n a la promoci\u00f3n de la integra- ci\u00f3n y a la inclusi\u00f3n social de grupos desfavorecidos, a la protecci\u00f3n del medio ambiente y al uso eficiente de los recursos, teniendo siempre en cuenta la perspectiva de g\u00e9nero.<\/li>\n<li><strong>Promoveremos la vigilancia de la salud laboral y la prevenci\u00f3n de riesgos laborales entre los trabajadores del Ayuntamiento<\/strong>, cumpliendo estrictamente la Ley de Preven- ci\u00f3n de Riesgos Laborales, convirtiendo al Comit\u00e9 de Seguridad y Salud en un \u00f3rgano eficaz y participativo.<\/li>\n<li><strong>Cumpliremos con los principios de estabilidad presupuestaria<\/strong> que son claves para impulsar el crecimiento y el empleo.<\/li>\n<li><strong>Elaboraremos un c\u00f3digo de buenas pr\u00e1cticas para regular los contenidos de la web del Concello<\/strong> para que se convierta en una herramienta con un enfoque institucional y de servicio p\u00fablico.<\/li>\n<li><strong>Aprobaremos una ordenanza sobre la transparencia y el libre acceso a la informa- ci\u00f3n p\u00fablica<\/strong> que desarrolla la Ley 19\/2013, de 9 de diciembre, de Transparencia, Acceso a la Informaci\u00f3n P\u00fablica y Buen Gobierno, que sirva para avanzar en la configuraci\u00f3n de las obligaciones de la publicidad activa, facilitando que los ciudadanos puedan acceder directamente a la informaci\u00f3n recogida en el Ayuntamiento.<\/li>\n<li><strong>Desarrollaremos soluciones \u00abGeotecnol\u00f3gicas\u00bb<\/strong> basadas en geoposicionamiento, realidad virtual y realidad aumentada, que permitir\u00e1 a cualquier ciudadano, a trav\u00e9s de una aplicaci\u00f3n instalada en el tel\u00e9fono m\u00f3vil, pueda acceder a la informaci\u00f3n de inter\u00e9s del establecimiento, producto o servicio que busca.<\/li>\n<li><strong>Lanzaremos un Sistema de Comunicaci\u00f3n Telem\u00e1tica entre ciudadanos y la Polic\u00eda Local<\/strong> para combatir el vandalismo y los actos delictivos.<\/li>\n<li><strong>Promoveremos nuevas pol\u00edticas para racionalizar el gasto y mejorar la gesti\u00f3n<\/strong>, con especial atenci\u00f3n a la reducci\u00f3n de la morosidad de la Administraci\u00f3n.<\/li>\n<li><strong>Mejoraremos la coordinaci\u00f3n entre las Administraciones P\u00fablicas<\/strong> para reducir los costes y eliminar la duplicidad, simplificando los procedimientos y eliminando los obst\u00e1- culos burocr\u00e1ticos.<\/li>\n<\/ul>\n<p>&nbsp;<\/p>\n<p style=\"text-align: center;\"><a class=\"nectar-button n-sc-button medium see-through-2 has-icon\"  href=\"http:\/\/www.ppdelugo.com\/es\/lugo-en-marcha\/\" data-color-override=\"#0bb2ff\"  data-hover-color-override=\"##0bb2ff\" data-hover-text-color-override=\"#0bb2ff\"><span>Regresar a las  propuestas<\/span><i class=\"steadysets-icon-arrow-right\"><\/i><\/a>\n[\/vc_column_text][\/vc_column][\/vc_row]\n","protected":false},"excerpt":{"rendered":"<p>[vc_row type=\u00bbin_container\u00bb full_screen_row_position=\u00bbmiddle\u00bb scene_position=\u00bbcenter\u00bb text_color=\u00bbdark\u00bb text_align=\u00bbleft\u00bb overlay_strength=\u00bb0.3&#8243; shape_divider_position=\u00bbbottom\u00bb shape_type=\u00bb\u00bb][vc_column column_padding=\u00bbno-extra-padding\u00bb column_padding_position=\u00bball\u00bb background_color_opacity=\u00bb1&#8243; background_hover_color_opacity=\u00bb1&#8243; column_link_target=\u00bb_self\u00bb column_shadow=\u00bbnone\u00bb column_border_radius=\u00bbnone\u00bb width=\u00bb1\/1&#8243; tablet_width_inherit=\u00bbdefault\u00bb tablet_text_alignment=\u00bbdefault\u00bb phone_text_alignment=\u00bbdefault\u00bb column_border_width=\u00bbnone\u00bb column_border_style=\u00bbsolid\u00bb][image_with_animation image_url=\u00bb9914&#8243; alignment=\u00bb\u00bb animation=\u00bbFade In\u00bb border_radius=\u00bbnone\u00bb box_shadow=\u00bbnone\u00bb max_width=\u00bb100%\u00bb][\/vc_column][\/vc_row][vc_row type=\u00bbfull_width_background\u00bb&#8230;<\/p>\n","protected":false},"author":8,"featured_media":0,"parent":0,"menu_order":0,"comment_status":"closed","ping_status":"closed","template":"","meta":{"footnotes":""},"class_list":["post-9883","page","type-page","status-publish"],"yoast_head":"<!-- This site is optimized with the Yoast SEO plugin v27.4 - https:\/\/yoast.com\/product\/yoast-seo-wordpress\/ -->\n<title>LUGO EN MARCHA CON LA GESTI\u00d3N EFICAZ - Grupo Municipal Partido Popular de Lugo<\/title>\n<meta name=\"robots\" content=\"index, follow, max-snippet:-1, max-image-preview:large, max-video-preview:-1\" \/>\n<link rel=\"canonical\" href=\"https:\/\/www.ppdelugo.com\/es\/lugo-en-marcha-con-la-gestion-eficaz\/\" \/>\n<meta property=\"og:locale\" content=\"es_ES\" \/>\n<meta property=\"og:type\" content=\"article\" \/>\n<meta property=\"og:title\" content=\"LUGO EN MARCHA CON LA GESTI\u00d3N EFICAZ - Grupo Municipal Partido Popular de Lugo\" \/>\n<meta property=\"og:description\" content=\"[vc_row type=\u00bbin_container\u00bb full_screen_row_position=\u00bbmiddle\u00bb scene_position=\u00bbcenter\u00bb text_color=\u00bbdark\u00bb text_align=\u00bbleft\u00bb overlay_strength=\u00bb0.3&#8243; shape_divider_position=\u00bbbottom\u00bb shape_type=\u00bb\u00bb][vc_column column_padding=\u00bbno-extra-padding\u00bb column_padding_position=\u00bball\u00bb background_color_opacity=\u00bb1&#8243; background_hover_color_opacity=\u00bb1&#8243; column_link_target=\u00bb_self\u00bb column_shadow=\u00bbnone\u00bb column_border_radius=\u00bbnone\u00bb width=\u00bb1\/1&#8243; tablet_width_inherit=\u00bbdefault\u00bb tablet_text_alignment=\u00bbdefault\u00bb phone_text_alignment=\u00bbdefault\u00bb column_border_width=\u00bbnone\u00bb column_border_style=\u00bbsolid\u00bb][image_with_animation image_url=\u00bb9914&#8243; alignment=\u00bb\u00bb animation=\u00bbFade In\u00bb border_radius=\u00bbnone\u00bb box_shadow=\u00bbnone\u00bb max_width=\u00bb100%\u00bb][\/vc_column][\/vc_row][vc_row type=\u00bbfull_width_background\u00bb...\" \/>\n<meta property=\"og:url\" content=\"https:\/\/www.ppdelugo.com\/es\/lugo-en-marcha-con-la-gestion-eficaz\/\" \/>\n<meta property=\"og:site_name\" content=\"Grupo Municipal Partido Popular de Lugo\" \/>\n<meta property=\"article:modified_time\" content=\"2019-04-26T12:10:04+00:00\" \/>\n<meta name=\"twitter:card\" content=\"summary_large_image\" \/>\n<meta name=\"twitter:label1\" content=\"Tiempo de lectura\" \/>\n\t<meta name=\"twitter:data1\" content=\"5 minutos\" \/>\n<script type=\"application\/ld+json\" class=\"yoast-schema-graph\">{\"@context\":\"https:\\\/\\\/schema.org\",\"@graph\":[{\"@type\":\"WebPage\",\"@id\":\"https:\\\/\\\/www.ppdelugo.com\\\/es\\\/lugo-en-marcha-con-la-gestion-eficaz\\\/\",\"url\":\"https:\\\/\\\/www.ppdelugo.com\\\/es\\\/lugo-en-marcha-con-la-gestion-eficaz\\\/\",\"name\":\"LUGO EN MARCHA CON LA GESTI\u00d3N EFICAZ - Grupo Municipal Partido Popular de Lugo\",\"isPartOf\":{\"@id\":\"https:\\\/\\\/www.ppdelugo.com\\\/es\\\/#website\"},\"datePublished\":\"2019-02-19T09:37:49+00:00\",\"dateModified\":\"2019-04-26T12:10:04+00:00\",\"breadcrumb\":{\"@id\":\"https:\\\/\\\/www.ppdelugo.com\\\/es\\\/lugo-en-marcha-con-la-gestion-eficaz\\\/#breadcrumb\"},\"inLanguage\":\"es\",\"potentialAction\":[{\"@type\":\"ReadAction\",\"target\":[\"https:\\\/\\\/www.ppdelugo.com\\\/es\\\/lugo-en-marcha-con-la-gestion-eficaz\\\/\"]}]},{\"@type\":\"BreadcrumbList\",\"@id\":\"https:\\\/\\\/www.ppdelugo.com\\\/es\\\/lugo-en-marcha-con-la-gestion-eficaz\\\/#breadcrumb\",\"itemListElement\":[{\"@type\":\"ListItem\",\"position\":1,\"name\":\"Portada\",\"item\":\"https:\\\/\\\/www.ppdelugo.com\\\/es\\\/\"},{\"@type\":\"ListItem\",\"position\":2,\"name\":\"LUGO EN MARCHA CON LA GESTI\u00d3N EFICAZ\"}]},{\"@type\":\"WebSite\",\"@id\":\"https:\\\/\\\/www.ppdelugo.com\\\/es\\\/#website\",\"url\":\"https:\\\/\\\/www.ppdelugo.com\\\/es\\\/\",\"name\":\"Grupo Municipal Partido Popular de Lugo\",\"description\":\"Web del Grupo Municipal del Partido Popular en el Ayuntamiento de Lugo, con informaci\u00f3n sobre Lugo y fomento de la participaci\u00f3n ciudadana\",\"potentialAction\":[{\"@type\":\"SearchAction\",\"target\":{\"@type\":\"EntryPoint\",\"urlTemplate\":\"https:\\\/\\\/www.ppdelugo.com\\\/es\\\/?s={search_term_string}\"},\"query-input\":{\"@type\":\"PropertyValueSpecification\",\"valueRequired\":true,\"valueName\":\"search_term_string\"}}],\"inLanguage\":\"es\"}]}<\/script>\n<!-- \/ Yoast SEO plugin. -->","yoast_head_json":{"title":"LUGO EN MARCHA CON LA GESTI\u00d3N EFICAZ - Grupo Municipal Partido Popular de Lugo","robots":{"index":"index","follow":"follow","max-snippet":"max-snippet:-1","max-image-preview":"max-image-preview:large","max-video-preview":"max-video-preview:-1"},"canonical":"https:\/\/www.ppdelugo.com\/es\/lugo-en-marcha-con-la-gestion-eficaz\/","og_locale":"es_ES","og_type":"article","og_title":"LUGO EN MARCHA CON LA GESTI\u00d3N EFICAZ - Grupo Municipal Partido Popular de Lugo","og_description":"[vc_row type=\u00bbin_container\u00bb full_screen_row_position=\u00bbmiddle\u00bb scene_position=\u00bbcenter\u00bb text_color=\u00bbdark\u00bb text_align=\u00bbleft\u00bb overlay_strength=\u00bb0.3&#8243; shape_divider_position=\u00bbbottom\u00bb shape_type=\u00bb\u00bb][vc_column column_padding=\u00bbno-extra-padding\u00bb column_padding_position=\u00bball\u00bb background_color_opacity=\u00bb1&#8243; background_hover_color_opacity=\u00bb1&#8243; column_link_target=\u00bb_self\u00bb column_shadow=\u00bbnone\u00bb column_border_radius=\u00bbnone\u00bb width=\u00bb1\/1&#8243; tablet_width_inherit=\u00bbdefault\u00bb tablet_text_alignment=\u00bbdefault\u00bb phone_text_alignment=\u00bbdefault\u00bb column_border_width=\u00bbnone\u00bb column_border_style=\u00bbsolid\u00bb][image_with_animation image_url=\u00bb9914&#8243; alignment=\u00bb\u00bb animation=\u00bbFade In\u00bb border_radius=\u00bbnone\u00bb box_shadow=\u00bbnone\u00bb max_width=\u00bb100%\u00bb][\/vc_column][\/vc_row][vc_row type=\u00bbfull_width_background\u00bb...","og_url":"https:\/\/www.ppdelugo.com\/es\/lugo-en-marcha-con-la-gestion-eficaz\/","og_site_name":"Grupo Municipal Partido Popular de Lugo","article_modified_time":"2019-04-26T12:10:04+00:00","twitter_card":"summary_large_image","twitter_misc":{"Tiempo de lectura":"5 minutos"},"schema":{"@context":"https:\/\/schema.org","@graph":[{"@type":"WebPage","@id":"https:\/\/www.ppdelugo.com\/es\/lugo-en-marcha-con-la-gestion-eficaz\/","url":"https:\/\/www.ppdelugo.com\/es\/lugo-en-marcha-con-la-gestion-eficaz\/","name":"LUGO EN MARCHA CON LA GESTI\u00d3N EFICAZ - Grupo Municipal Partido Popular de Lugo","isPartOf":{"@id":"https:\/\/www.ppdelugo.com\/es\/#website"},"datePublished":"2019-02-19T09:37:49+00:00","dateModified":"2019-04-26T12:10:04+00:00","breadcrumb":{"@id":"https:\/\/www.ppdelugo.com\/es\/lugo-en-marcha-con-la-gestion-eficaz\/#breadcrumb"},"inLanguage":"es","potentialAction":[{"@type":"ReadAction","target":["https:\/\/www.ppdelugo.com\/es\/lugo-en-marcha-con-la-gestion-eficaz\/"]}]},{"@type":"BreadcrumbList","@id":"https:\/\/www.ppdelugo.com\/es\/lugo-en-marcha-con-la-gestion-eficaz\/#breadcrumb","itemListElement":[{"@type":"ListItem","position":1,"name":"Portada","item":"https:\/\/www.ppdelugo.com\/es\/"},{"@type":"ListItem","position":2,"name":"LUGO EN MARCHA CON LA GESTI\u00d3N EFICAZ"}]},{"@type":"WebSite","@id":"https:\/\/www.ppdelugo.com\/es\/#website","url":"https:\/\/www.ppdelugo.com\/es\/","name":"Grupo Municipal Partido Popular de Lugo","description":"Web del Grupo Municipal del Partido Popular en el Ayuntamiento de Lugo, con informaci\u00f3n sobre Lugo y fomento de la participaci\u00f3n ciudadana","potentialAction":[{"@type":"SearchAction","target":{"@type":"EntryPoint","urlTemplate":"https:\/\/www.ppdelugo.com\/es\/?s={search_term_string}"},"query-input":{"@type":"PropertyValueSpecification","valueRequired":true,"valueName":"search_term_string"}}],"inLanguage":"es"}]}},"_links":{"self":[{"href":"https:\/\/www.ppdelugo.com\/es\/wp-json\/wp\/v2\/pages\/9883","targetHints":{"allow":["GET"]}}],"collection":[{"href":"https:\/\/www.ppdelugo.com\/es\/wp-json\/wp\/v2\/pages"}],"about":[{"href":"https:\/\/www.ppdelugo.com\/es\/wp-json\/wp\/v2\/types\/page"}],"author":[{"embeddable":true,"href":"https:\/\/www.ppdelugo.com\/es\/wp-json\/wp\/v2\/users\/8"}],"replies":[{"embeddable":true,"href":"https:\/\/www.ppdelugo.com\/es\/wp-json\/wp\/v2\/comments?post=9883"}],"version-history":[{"count":0,"href":"https:\/\/www.ppdelugo.com\/es\/wp-json\/wp\/v2\/pages\/9883\/revisions"}],"wp:attachment":[{"href":"https:\/\/www.ppdelugo.com\/es\/wp-json\/wp\/v2\/media?parent=9883"}],"curies":[{"name":"wp","href":"https:\/\/api.w.org\/{rel}","templated":true}]}}