{"id":9877,"date":"2019-02-19T11:31:17","date_gmt":"2019-02-19T11:31:17","guid":{"rendered":"http:\/\/www.ppdelugo.com\/?page_id=9877"},"modified":"2019-04-26T12:31:11","modified_gmt":"2019-04-26T12:31:11","slug":"lugo-en-marcha-con-el-deporte","status":"publish","type":"page","link":"https:\/\/www.ppdelugo.com\/es\/lugo-en-marcha-con-el-deporte\/","title":{"rendered":"LUGO EN MARCHA CON EL DEPORTE"},"content":{"rendered":"[vc_row type=\u00bbin_container\u00bb full_screen_row_position=\u00bbmiddle\u00bb scene_position=\u00bbcenter\u00bb text_color=\u00bbdark\u00bb text_align=\u00bbleft\u00bb overlay_strength=\u00bb0.3&#8243; shape_divider_position=\u00bbbottom\u00bb shape_type=\u00bb\u00bb][vc_column column_padding=\u00bbno-extra-padding\u00bb column_padding_position=\u00bball\u00bb background_color_opacity=\u00bb1&#8243; background_hover_color_opacity=\u00bb1&#8243; column_link_target=\u00bb_self\u00bb column_shadow=\u00bbnone\u00bb column_border_radius=\u00bbnone\u00bb width=\u00bb1\/1&#8243; tablet_width_inherit=\u00bbdefault\u00bb tablet_text_alignment=\u00bbdefault\u00bb phone_text_alignment=\u00bbdefault\u00bb column_border_width=\u00bbnone\u00bb column_border_style=\u00bbsolid\u00bb][image_with_animation image_url=\u00bb9920&#8243; alignment=\u00bb\u00bb animation=\u00bbFade In\u00bb border_radius=\u00bbnone\u00bb box_shadow=\u00bbnone\u00bb max_width=\u00bb100%\u00bb][\/vc_column][\/vc_row][vc_row type=\u00bbfull_width_background\u00bb full_screen_row_position=\u00bbmiddle\u00bb bg_color=\u00bb#ffffff\u00bb scene_position=\u00bbcenter\u00bb text_color=\u00bbdark\u00bb text_align=\u00bbleft\u00bb top_padding=\u00bb5%\u00bb bottom_padding=\u00bb5%\u00bb overlay_strength=\u00bb0.3&#8243; shape_divider_position=\u00bbbottom\u00bb][vc_column column_padding=\u00bbpadding-2-percent\u00bb column_padding_position=\u00bball\u00bb background_color_opacity=\u00bb1&#8243; background_hover_color_opacity=\u00bb1&#8243; column_link_target=\u00bb_self\u00bb column_shadow=\u00bbnone\u00bb column_border_radius=\u00bbnone\u00bb width=\u00bb1\/1&#8243; tablet_width_inherit=\u00bbdefault\u00bb tablet_text_alignment=\u00bbdefault\u00bb phone_text_alignment=\u00bbdefault\u00bb column_border_width=\u00bbnone\u00bb column_border_style=\u00bbsolid\u00bb][vc_column_text]\n<h2 style=\"color: #1e83ec;\"><span style=\"color: #00b5fe;\">LUGO EN MARCHA CON EL DEPORTE<\/span><\/h2>\n<p><strong>El objetivo que deber\u00eda marcar el Ayuntamiento es que nadie se quede sin hacer deporte y que su pr\u00e1ctica sea segura. Estas son las diez medidas del proyecto para promover el deporte en Lugo.<\/strong><\/p>\n<p>Creaci\u00f3n de un patronato de deportes para coordinar y dise\u00f1ar la programaci\u00f3n de las actividades deportivas municipales.<\/p>\n<p>Crearemos un nuevo pabell\u00f3n deportivo multidisciplinar, para atender a la gran de- manda que hay en Lugo para la pr\u00e1ctica del deporte de sala.<\/p>\n<p>Abriremos y operaremos el antiguo pabell\u00f3n de la OJE Dotaremos a Lugo de una nueva piscina municipal climatizada.<\/p>\n<p>Ampliaremos y unificaremos los horarios de las piscinas municipales de As Pedreiras y Frigsa, que abrir\u00e1 a las siete de la ma\u00f1ana y cerrar\u00e1 a las 23.00 horas.<\/p>\n<p>Completaremos la oferta con la apertura en festivos y fin de semana.<\/p>\n<p>Estudiaremos el aprovechamiento de los 300.000 litros mensuales de agua de los vasos de ambas piscinas municipales para el baldeo u otros usos.<\/p>\n<p>Acometeremos la construcci\u00f3n de una nueva instalaci\u00f3n deportiva para la pr\u00e1ctica de rugby.<\/p>\n<p>Realizaremos la cubierta de una de las tres canchas de tenis del Palomar.<\/p>\n<p>Remodelaremos el techo y las ventanas del pazo municipal de deportes.<\/p>\n<p>Efectuaremos un reconocimiento exhaustivo de las condiciones de seguridad, accesibilidad y mantenimiento de todas las instalaciones deportivas municipales. Planificaremos de forma progresiva las obras para la reparaci\u00f3n de las las deficiencias existentes.<\/p>\n<p>Crearemos una brigada de mantenimiento espec\u00edfica para reparar y conservar estas infraestructuras municipales.<\/p>\n<p>Potenciaremos la pr\u00e1ctica de deporte en la calle en sus diferentes modalidades.<\/p>\n<p>Crearemos espacios deportivos al aire libre, circuitos biosaludables&#8230;<\/p>\n<p>Construiremos una nueva pista polideportiva Construiremos un campo de f\u00fatbol para el deporte base<\/p>\n[divider line_type=\u00bbNo Line\u00bb custom_height=\u00bb10px\u00bb]\n<p>&nbsp;<\/p>\n<p style=\"text-align: center;\"><a class=\"nectar-button n-sc-button medium see-through-2 has-icon\"  href=\"http:\/\/www.ppdelugo.com\/es\/lugo-en-marcha\/\" data-color-override=\"#0bb2ff\"  data-hover-color-override=\"##0bb2ff\" data-hover-text-color-override=\"#0bb2ff\"><span>Regresar a las propuestas<\/span><i class=\"steadysets-icon-arrow-right\"><\/i><\/a>\n[\/vc_column_text][\/vc_column][\/vc_row]\n","protected":false},"excerpt":{"rendered":"<p>[vc_row type=\u00bbin_container\u00bb full_screen_row_position=\u00bbmiddle\u00bb scene_position=\u00bbcenter\u00bb text_color=\u00bbdark\u00bb text_align=\u00bbleft\u00bb overlay_strength=\u00bb0.3&#8243; shape_divider_position=\u00bbbottom\u00bb shape_type=\u00bb\u00bb][vc_column column_padding=\u00bbno-extra-padding\u00bb column_padding_position=\u00bball\u00bb background_color_opacity=\u00bb1&#8243; background_hover_color_opacity=\u00bb1&#8243; column_link_target=\u00bb_self\u00bb column_shadow=\u00bbnone\u00bb column_border_radius=\u00bbnone\u00bb width=\u00bb1\/1&#8243; tablet_width_inherit=\u00bbdefault\u00bb tablet_text_alignment=\u00bbdefault\u00bb phone_text_alignment=\u00bbdefault\u00bb column_border_width=\u00bbnone\u00bb column_border_style=\u00bbsolid\u00bb][image_with_animation image_url=\u00bb9920&#8243; alignment=\u00bb\u00bb animation=\u00bbFade In\u00bb border_radius=\u00bbnone\u00bb box_shadow=\u00bbnone\u00bb max_width=\u00bb100%\u00bb][\/vc_column][\/vc_row][vc_row type=\u00bbfull_width_background\u00bb&#8230;<\/p>\n","protected":false},"author":8,"featured_media":0,"parent":0,"menu_order":0,"comment_status":"closed","ping_status":"closed","template":"","meta":{"footnotes":""},"class_list":["post-9877","page","type-page","status-publish"],"yoast_head":"<!-- This site is optimized with the Yoast SEO plugin v27.4 - https:\/\/yoast.com\/product\/yoast-seo-wordpress\/ -->\n<title>LUGO EN MARCHA CON EL DEPORTE - Grupo Municipal Partido Popular de Lugo<\/title>\n<meta name=\"robots\" content=\"index, follow, max-snippet:-1, max-image-preview:large, max-video-preview:-1\" \/>\n<link rel=\"canonical\" href=\"https:\/\/www.ppdelugo.com\/es\/lugo-en-marcha-con-el-deporte\/\" \/>\n<meta property=\"og:locale\" content=\"es_ES\" \/>\n<meta property=\"og:type\" content=\"article\" \/>\n<meta property=\"og:title\" content=\"LUGO EN MARCHA CON EL DEPORTE - Grupo Municipal Partido Popular de Lugo\" \/>\n<meta property=\"og:description\" content=\"[vc_row type=\u00bbin_container\u00bb full_screen_row_position=\u00bbmiddle\u00bb scene_position=\u00bbcenter\u00bb text_color=\u00bbdark\u00bb text_align=\u00bbleft\u00bb overlay_strength=\u00bb0.3&#8243; shape_divider_position=\u00bbbottom\u00bb shape_type=\u00bb\u00bb][vc_column column_padding=\u00bbno-extra-padding\u00bb column_padding_position=\u00bball\u00bb background_color_opacity=\u00bb1&#8243; background_hover_color_opacity=\u00bb1&#8243; column_link_target=\u00bb_self\u00bb column_shadow=\u00bbnone\u00bb column_border_radius=\u00bbnone\u00bb width=\u00bb1\/1&#8243; tablet_width_inherit=\u00bbdefault\u00bb tablet_text_alignment=\u00bbdefault\u00bb phone_text_alignment=\u00bbdefault\u00bb column_border_width=\u00bbnone\u00bb column_border_style=\u00bbsolid\u00bb][image_with_animation image_url=\u00bb9920&#8243; alignment=\u00bb\u00bb animation=\u00bbFade In\u00bb border_radius=\u00bbnone\u00bb box_shadow=\u00bbnone\u00bb max_width=\u00bb100%\u00bb][\/vc_column][\/vc_row][vc_row type=\u00bbfull_width_background\u00bb...\" \/>\n<meta property=\"og:url\" content=\"https:\/\/www.ppdelugo.com\/es\/lugo-en-marcha-con-el-deporte\/\" \/>\n<meta property=\"og:site_name\" content=\"Grupo Municipal Partido Popular de Lugo\" \/>\n<meta property=\"article:modified_time\" content=\"2019-04-26T12:31:11+00:00\" \/>\n<meta name=\"twitter:card\" content=\"summary_large_image\" \/>\n<meta name=\"twitter:label1\" content=\"Tiempo de lectura\" \/>\n\t<meta name=\"twitter:data1\" content=\"3 minutos\" \/>\n<script type=\"application\/ld+json\" class=\"yoast-schema-graph\">{\"@context\":\"https:\\\/\\\/schema.org\",\"@graph\":[{\"@type\":\"WebPage\",\"@id\":\"https:\\\/\\\/www.ppdelugo.com\\\/es\\\/lugo-en-marcha-con-el-deporte\\\/\",\"url\":\"https:\\\/\\\/www.ppdelugo.com\\\/es\\\/lugo-en-marcha-con-el-deporte\\\/\",\"name\":\"LUGO EN MARCHA CON EL DEPORTE - Grupo Municipal Partido Popular de Lugo\",\"isPartOf\":{\"@id\":\"https:\\\/\\\/www.ppdelugo.com\\\/es\\\/#website\"},\"datePublished\":\"2019-02-19T11:31:17+00:00\",\"dateModified\":\"2019-04-26T12:31:11+00:00\",\"breadcrumb\":{\"@id\":\"https:\\\/\\\/www.ppdelugo.com\\\/es\\\/lugo-en-marcha-con-el-deporte\\\/#breadcrumb\"},\"inLanguage\":\"es\",\"potentialAction\":[{\"@type\":\"ReadAction\",\"target\":[\"https:\\\/\\\/www.ppdelugo.com\\\/es\\\/lugo-en-marcha-con-el-deporte\\\/\"]}]},{\"@type\":\"BreadcrumbList\",\"@id\":\"https:\\\/\\\/www.ppdelugo.com\\\/es\\\/lugo-en-marcha-con-el-deporte\\\/#breadcrumb\",\"itemListElement\":[{\"@type\":\"ListItem\",\"position\":1,\"name\":\"Portada\",\"item\":\"https:\\\/\\\/www.ppdelugo.com\\\/es\\\/\"},{\"@type\":\"ListItem\",\"position\":2,\"name\":\"LUGO EN MARCHA CON EL DEPORTE\"}]},{\"@type\":\"WebSite\",\"@id\":\"https:\\\/\\\/www.ppdelugo.com\\\/es\\\/#website\",\"url\":\"https:\\\/\\\/www.ppdelugo.com\\\/es\\\/\",\"name\":\"Grupo Municipal Partido Popular de Lugo\",\"description\":\"Web del Grupo Municipal del Partido Popular en el Ayuntamiento de Lugo, con informaci\u00f3n sobre Lugo y fomento de la participaci\u00f3n ciudadana\",\"potentialAction\":[{\"@type\":\"SearchAction\",\"target\":{\"@type\":\"EntryPoint\",\"urlTemplate\":\"https:\\\/\\\/www.ppdelugo.com\\\/es\\\/?s={search_term_string}\"},\"query-input\":{\"@type\":\"PropertyValueSpecification\",\"valueRequired\":true,\"valueName\":\"search_term_string\"}}],\"inLanguage\":\"es\"}]}<\/script>\n<!-- \/ Yoast SEO plugin. -->","yoast_head_json":{"title":"LUGO EN MARCHA CON EL DEPORTE - Grupo Municipal Partido Popular de Lugo","robots":{"index":"index","follow":"follow","max-snippet":"max-snippet:-1","max-image-preview":"max-image-preview:large","max-video-preview":"max-video-preview:-1"},"canonical":"https:\/\/www.ppdelugo.com\/es\/lugo-en-marcha-con-el-deporte\/","og_locale":"es_ES","og_type":"article","og_title":"LUGO EN MARCHA CON EL DEPORTE - Grupo Municipal Partido Popular de Lugo","og_description":"[vc_row type=\u00bbin_container\u00bb full_screen_row_position=\u00bbmiddle\u00bb scene_position=\u00bbcenter\u00bb text_color=\u00bbdark\u00bb text_align=\u00bbleft\u00bb overlay_strength=\u00bb0.3&#8243; shape_divider_position=\u00bbbottom\u00bb shape_type=\u00bb\u00bb][vc_column column_padding=\u00bbno-extra-padding\u00bb column_padding_position=\u00bball\u00bb background_color_opacity=\u00bb1&#8243; background_hover_color_opacity=\u00bb1&#8243; column_link_target=\u00bb_self\u00bb column_shadow=\u00bbnone\u00bb column_border_radius=\u00bbnone\u00bb width=\u00bb1\/1&#8243; tablet_width_inherit=\u00bbdefault\u00bb tablet_text_alignment=\u00bbdefault\u00bb phone_text_alignment=\u00bbdefault\u00bb column_border_width=\u00bbnone\u00bb column_border_style=\u00bbsolid\u00bb][image_with_animation image_url=\u00bb9920&#8243; alignment=\u00bb\u00bb animation=\u00bbFade In\u00bb border_radius=\u00bbnone\u00bb box_shadow=\u00bbnone\u00bb max_width=\u00bb100%\u00bb][\/vc_column][\/vc_row][vc_row type=\u00bbfull_width_background\u00bb...","og_url":"https:\/\/www.ppdelugo.com\/es\/lugo-en-marcha-con-el-deporte\/","og_site_name":"Grupo Municipal Partido Popular de Lugo","article_modified_time":"2019-04-26T12:31:11+00:00","twitter_card":"summary_large_image","twitter_misc":{"Tiempo de lectura":"3 minutos"},"schema":{"@context":"https:\/\/schema.org","@graph":[{"@type":"WebPage","@id":"https:\/\/www.ppdelugo.com\/es\/lugo-en-marcha-con-el-deporte\/","url":"https:\/\/www.ppdelugo.com\/es\/lugo-en-marcha-con-el-deporte\/","name":"LUGO EN MARCHA CON EL DEPORTE - Grupo Municipal Partido Popular de Lugo","isPartOf":{"@id":"https:\/\/www.ppdelugo.com\/es\/#website"},"datePublished":"2019-02-19T11:31:17+00:00","dateModified":"2019-04-26T12:31:11+00:00","breadcrumb":{"@id":"https:\/\/www.ppdelugo.com\/es\/lugo-en-marcha-con-el-deporte\/#breadcrumb"},"inLanguage":"es","potentialAction":[{"@type":"ReadAction","target":["https:\/\/www.ppdelugo.com\/es\/lugo-en-marcha-con-el-deporte\/"]}]},{"@type":"BreadcrumbList","@id":"https:\/\/www.ppdelugo.com\/es\/lugo-en-marcha-con-el-deporte\/#breadcrumb","itemListElement":[{"@type":"ListItem","position":1,"name":"Portada","item":"https:\/\/www.ppdelugo.com\/es\/"},{"@type":"ListItem","position":2,"name":"LUGO EN MARCHA CON EL DEPORTE"}]},{"@type":"WebSite","@id":"https:\/\/www.ppdelugo.com\/es\/#website","url":"https:\/\/www.ppdelugo.com\/es\/","name":"Grupo Municipal Partido Popular de Lugo","description":"Web del Grupo Municipal del Partido Popular en el Ayuntamiento de Lugo, con informaci\u00f3n sobre Lugo y fomento de la participaci\u00f3n ciudadana","potentialAction":[{"@type":"SearchAction","target":{"@type":"EntryPoint","urlTemplate":"https:\/\/www.ppdelugo.com\/es\/?s={search_term_string}"},"query-input":{"@type":"PropertyValueSpecification","valueRequired":true,"valueName":"search_term_string"}}],"inLanguage":"es"}]}},"_links":{"self":[{"href":"https:\/\/www.ppdelugo.com\/es\/wp-json\/wp\/v2\/pages\/9877","targetHints":{"allow":["GET"]}}],"collection":[{"href":"https:\/\/www.ppdelugo.com\/es\/wp-json\/wp\/v2\/pages"}],"about":[{"href":"https:\/\/www.ppdelugo.com\/es\/wp-json\/wp\/v2\/types\/page"}],"author":[{"embeddable":true,"href":"https:\/\/www.ppdelugo.com\/es\/wp-json\/wp\/v2\/users\/8"}],"replies":[{"embeddable":true,"href":"https:\/\/www.ppdelugo.com\/es\/wp-json\/wp\/v2\/comments?post=9877"}],"version-history":[{"count":0,"href":"https:\/\/www.ppdelugo.com\/es\/wp-json\/wp\/v2\/pages\/9877\/revisions"}],"wp:attachment":[{"href":"https:\/\/www.ppdelugo.com\/es\/wp-json\/wp\/v2\/media?parent=9877"}],"curies":[{"name":"wp","href":"https:\/\/api.w.org\/{rel}","templated":true}]}}