{"id":9872,"date":"2019-02-19T11:35:32","date_gmt":"2019-02-19T11:35:32","guid":{"rendered":"http:\/\/www.ppdelugo.com\/?page_id=9872"},"modified":"2019-04-26T12:15:58","modified_gmt":"2019-04-26T12:15:58","slug":"lugo-en-marcha-con-el-bienestar-e-igualdad","status":"publish","type":"page","link":"https:\/\/www.ppdelugo.com\/es\/lugo-en-marcha-con-el-bienestar-e-igualdad\/","title":{"rendered":"LUGO EN MARCHA CON EL BIENESTAR E IGUALDAD"},"content":{"rendered":"[vc_row type=\u00bbin_container\u00bb full_screen_row_position=\u00bbmiddle\u00bb scene_position=\u00bbcenter\u00bb text_color=\u00bbdark\u00bb text_align=\u00bbleft\u00bb overlay_strength=\u00bb0.3&#8243; shape_divider_position=\u00bbbottom\u00bb shape_type=\u00bb\u00bb][vc_column column_padding=\u00bbno-extra-padding\u00bb column_padding_position=\u00bball\u00bb background_color_opacity=\u00bb1&#8243; background_hover_color_opacity=\u00bb1&#8243; column_link_target=\u00bb_self\u00bb column_shadow=\u00bbnone\u00bb column_border_radius=\u00bbnone\u00bb width=\u00bb1\/1&#8243; tablet_width_inherit=\u00bbdefault\u00bb tablet_text_alignment=\u00bbdefault\u00bb phone_text_alignment=\u00bbdefault\u00bb column_border_width=\u00bbnone\u00bb column_border_style=\u00bbsolid\u00bb][image_with_animation image_url=\u00bb9922&#8243; alignment=\u00bb\u00bb animation=\u00bbFade In\u00bb border_radius=\u00bbnone\u00bb box_shadow=\u00bbnone\u00bb max_width=\u00bb100%\u00bb][\/vc_column][\/vc_row][vc_row type=\u00bbfull_width_background\u00bb full_screen_row_position=\u00bbmiddle\u00bb bg_color=\u00bb#ffffff\u00bb scene_position=\u00bbcenter\u00bb text_color=\u00bbdark\u00bb text_align=\u00bbleft\u00bb top_padding=\u00bb5%\u00bb bottom_padding=\u00bb5%\u00bb overlay_strength=\u00bb0.3&#8243; shape_divider_position=\u00bbbottom\u00bb][vc_column column_padding=\u00bbpadding-2-percent\u00bb column_padding_position=\u00bball\u00bb background_color_opacity=\u00bb1&#8243; background_hover_color_opacity=\u00bb1&#8243; column_link_target=\u00bb_self\u00bb column_shadow=\u00bbnone\u00bb column_border_radius=\u00bbnone\u00bb width=\u00bb1\/1&#8243; tablet_width_inherit=\u00bbdefault\u00bb tablet_text_alignment=\u00bbdefault\u00bb phone_text_alignment=\u00bbdefault\u00bb column_border_width=\u00bbnone\u00bb column_border_style=\u00bbsolid\u00bb][vc_column_text]\n<h2 style=\"color: #1e83ec;\"><span style=\"color: #00b5fe;\">LUGO EN MARCHA CON El BIENESTAR E IGUALDAD<\/span><\/h2>\n[divider line_type=\u00bbNo Line\u00bb custom_height=\u00bb10px\u00bb]\n<p><span style=\"color: #00b5fe;\"><strong><u>MAYORES<\/u><\/strong>:<\/span><\/p>\n<div class=\"page\" title=\"Page 24\">\n<div class=\"section\">\n<div class=\"layoutArea\">\n<div class=\"column\">\n<p>Desde el Partido Popular queremos adaptar las pol\u00edticas municipales dirigidas a las personas mayores a la realidad social actual. Tendremos en cuenta la idiosincrasia de la ciudad. Eliminaremos los estereotipos anticuados que marcan, en la actualidad, la oferta de actividades, recursos y servicios dirigidos a este sector de la poblaci\u00f3n.<\/p>\n<\/div>\n<\/div>\n<\/div>\n<\/div>\n<p>Elaboraremos un Plan Municipal del Mayor que promueva el envejecimiento activo al tiempo que trabaje en la atenci\u00f3n de las personas mayores en situaci\u00f3n de dependencia y la protecci\u00f3n y seguridad de quienes viven solos, sin olvidar el apoyo a las personas que se ocupan de su cuidado.<\/p>\n<p>Implementaremos un servicio teleasistencia avanzada con dispositivos de monitorizaci\u00f3n a domicilio que sirvan de apoyo en la autogesti\u00f3n ayudando a prevenir situaciones de riesgo y favoreciendo la permanencia de las personas mayores en su entorno.<\/p>\n<p>Realizaremos un Plan de dinamizaci\u00f3n que d\u00e9 respuesta a las caracter\u00edsticas espec\u00edficas de los mayores promoviendo su autonom\u00eda personal y previniendo la dependencia a mediante el ejercicio f\u00edsico y el desarrollo cognitivo.<\/p>\n<p>Pondremos en marcha un Programa de Voluntariado que promueva las relaciones sociales y acciones intergeneracionales en las que los ancianos tambi\u00e9n participan como parte activa, para lo que crearemos la figura de MENTOR SENIOR.<\/p>\n<p>Incrementaremos y mejoraremos el cuidado y protecci\u00f3n de los mayores vigilando su calidad, especialmente los prestados mediante un contrato de servicios externalizados (Ayuda en el hogar, Centro de d\u00eda, Comida en el hogar&#8230;).<\/p>\n<p>Haremos gratuito el transporte p\u00fablico para mayores de 65 a\u00f1os. As\u00ed mismo trabajaremos para que tanto las paradas como los autobuses sean accesibles al 100%.<\/p>\n<p>Compromiso de mejorar la climatizaci\u00f3n de los centros sociales de Lugo para garantizar una temperatura adecuada en las instalaciones as\u00ed como la mejora de la limpieza y reposici\u00f3n de mobiliario deteriorado.<\/p>\n<p><span style=\"color: #00b5fe;\"><strong><u>DINAMIZACI\u00d3N E INTEGRACI\u00d3N<\/u><\/strong><u>\u00a0<\/u><\/span><\/p>\n<p>Reorganizaremos el funcionamiento de los Servicios Sociales. Agilizaremos la gesti\u00f3n y reduciendo los tr\u00e1mites burocr\u00e1ticos para el acceso a servicios y recursos.<\/p>\n<p>Firmaremos con Lugo un Pacto contra la pobreza en el que trabajaremos en colaboraci\u00f3n con agentes sociales que reforzando los recursos y ayudas en el acceso a la educaci\u00f3n, el empleo, a la vivienda y otros elementos b\u00e1sicos de prevenci\u00f3n y apoyo en situaciones de vulnerabilidad o riesgo.<\/p>\n<p>Impulsaremos un Plan Municipal de Asistencia a la Diversidad que incluya medidas para la eliminaci\u00f3n de barreras que impiden o limiten la igualdad de la ciudadan\u00eda en el acceso y disfrute de sus derechos.<\/p>\n<p>Favoreceremos la movilidad y la accesibilidad contribuyendo a la eliminaci\u00f3n de barreras que dificulten los desplazamientos por la ciudad.<\/p>\n<p>Trabajaremos en la Dinamizaci\u00f3n igualitaria de los Barrios. Garantizaremos una oferta equilibrada de servicios, recursos y actividades, as\u00ed como uniformidad en su funcionamiento.<\/p>\n<p>Reforzaremos el Tejido Asociativo. Incrementaremos la coordinaci\u00f3n y la cooperaci\u00f3n interadministrativas y garantizando agilidad y transparencia en la convocatoria y tramitaci\u00f3n de subvenciones a los proyectos sociales.<\/p>\n<p>Desarrollaremos un Plan de Mejora de la empleabilidad dirigida a personas en situaci\u00f3n de vulnerabilidad social o riesgo.<\/p>\n<p>Desarrollaremos acciones de Sensibilizaci\u00f3n y Concienciaci\u00f3n Ciudadana promoviendo un uso responsable de los recursos, respeto a los espacios reservados para personas con discapacidad y contribuyendo a la eliminaci\u00f3n de la estigmatizaci\u00f3n social.<\/p>\n<p>Realizaremos una campa\u00f1a de difusi\u00f3n permanente y actualizada de las actividades, servicios y recursos municipales utilizando soportes de publicidad exterior.<\/p>\n<p><span style=\"color: #00b5fe;\"><strong><u>IGUALDAD<\/u><\/strong><\/span><\/p>\n<p>Trabajaremos en la coordinaci\u00f3n de acciones y recursos para la prevenci\u00f3n de la violencia de g\u00e9nero as\u00ed como para el cuidado y protecci\u00f3n de las v\u00edctimas.<\/p>\n<p>Haremos de la igualdad de g\u00e9nero un eje vertebrador de las pol\u00edticas y acciones a desarrollar a nivel municipal.<\/p>\n<p>Desarrollaremos un Programa para detectar e identificar signos de la violencia de g\u00e9nero dirigido a la ciudadan\u00eda y de forma especial a la juventud.<\/p>\n<p>Pondremos en marcha el IV Plan de Igualdad con medidas de prevenci\u00f3n, sensibilizaci\u00f3n y actuaci\u00f3n adecuadas a las necesidades actuales de la sociedad incidiendo de manera especial en la zona rural.<\/p>\n<p>Reforzaremos y equilibraremos los servicios para la conciliaci\u00f3n de la vida laboral, familiar y personal. Mejoraremos las condiciones de acceso y adaptando la oferta de actividades y horarios aproxim\u00e1ndolos al rural.<\/p>\n<p>Trabajaremos en coeducaci\u00f3n y corresponsabilidad en el \u00e1mbito educativo, familiar y laboral.<\/p>\n<p>Apoyaremos a las entidades sociales en el desarrollo de acciones de promoci\u00f3n de la igualdad, lucha contra la violencia de g\u00e9nero y trata de personas con fines de explotaci\u00f3n sexual.<\/p>\n<p><span style=\"color: #00b5fe;\"><span style=\"caret-color: #00b5fe;\"><b><u>JUVENTUD<\/u><\/b><\/span><\/span><\/p>\n<p>Con estas propuestas pretendemos estimular la iniciativa juvenil, promover su participaci\u00f3n activa en la sociedad y fomentar el uso responsable del ocio. El objetivo es desarrollar y consolidar h\u00e1bitos y comportamientos sociales y saludables.<\/p>\n<p>Pondremos en marcha el Consejo de la Juventud, para favorecer el encuentro y la interacci\u00f3n juvenil y dar valor a sus propuestas e iniciativas.<\/p>\n<p>Fomentaremos el asociacionismo juvenil. Reforzaremos los lazos de colaboraci\u00f3n y solidaridad entre la juventud; potenciaremos y apoyaremos las iniciativas juveniles.<\/p>\n<p>Crearemos espacios de ocio seguros para j\u00f3venes, con oferta de actividades acordes con sus inquietudes.<\/p>\n<p>Elaboraremos, en coordinaci\u00f3n con las ANPAS, una oferta planificada de actividades deportivas en espacios naturales y urbanos, que contribuyan al fomento del ejercicio al aire libre y apoyo al deporte minoritario.<\/p>\n<p>Favoreceremos la pr\u00e1ctica del street workout. Construiremos nuevas instalaciones. Desarrollaremos una l\u00ednea de ayudas para la ampliaci\u00f3n de la formaci\u00f3n y la cultura de la juventud en situaci\u00f3n de desempleo.<\/p>\n<p>Llevaremos a cabo pol\u00edticas globales de prevenci\u00f3n en las que exista una labor coordinada y transversal de las diferentes \u00e1reas de salud, educaci\u00f3n, familia, planificaci\u00f3n urbana y servicios sociales.<\/p>\n<p>Desarrollaremos el II Plan Integral Municipal para la Infancia y la Adolescencia.<\/p>\n[divider line_type=\u00bbNo Line\u00bb custom_height=\u00bb10px\u00bb]\n<p style=\"text-align: center;\"><a class=\"nectar-button n-sc-button medium see-through-2 has-icon\"  href=\"http:\/\/www.ppdelugo.com\/es\/lugo-en-marcha\/\" data-color-override=\"#0bb2ff\"  data-hover-color-override=\"##0bb2ff\" data-hover-text-color-override=\"#0bb2ff\"><span>Regresar a las propuestas<\/span><i class=\"steadysets-icon-arrow-right\"><\/i><\/a>\n[\/vc_column_text][\/vc_column][\/vc_row]\n","protected":false},"excerpt":{"rendered":"<p>[vc_row type=\u00bbin_container\u00bb full_screen_row_position=\u00bbmiddle\u00bb scene_position=\u00bbcenter\u00bb text_color=\u00bbdark\u00bb text_align=\u00bbleft\u00bb overlay_strength=\u00bb0.3&#8243; shape_divider_position=\u00bbbottom\u00bb shape_type=\u00bb\u00bb][vc_column column_padding=\u00bbno-extra-padding\u00bb column_padding_position=\u00bball\u00bb background_color_opacity=\u00bb1&#8243; background_hover_color_opacity=\u00bb1&#8243; column_link_target=\u00bb_self\u00bb column_shadow=\u00bbnone\u00bb column_border_radius=\u00bbnone\u00bb width=\u00bb1\/1&#8243; tablet_width_inherit=\u00bbdefault\u00bb tablet_text_alignment=\u00bbdefault\u00bb phone_text_alignment=\u00bbdefault\u00bb column_border_width=\u00bbnone\u00bb column_border_style=\u00bbsolid\u00bb][image_with_animation image_url=\u00bb9922&#8243; alignment=\u00bb\u00bb animation=\u00bbFade In\u00bb border_radius=\u00bbnone\u00bb box_shadow=\u00bbnone\u00bb max_width=\u00bb100%\u00bb][\/vc_column][\/vc_row][vc_row type=\u00bbfull_width_background\u00bb&#8230;<\/p>\n","protected":false},"author":8,"featured_media":0,"parent":0,"menu_order":0,"comment_status":"closed","ping_status":"closed","template":"","meta":{"footnotes":""},"class_list":["post-9872","page","type-page","status-publish"],"yoast_head":"<!-- This site is optimized with the Yoast SEO plugin v27.4 - https:\/\/yoast.com\/product\/yoast-seo-wordpress\/ -->\n<title>LUGO EN MARCHA CON EL BIENESTAR E IGUALDAD - Grupo Municipal Partido Popular de Lugo<\/title>\n<meta name=\"robots\" content=\"index, follow, max-snippet:-1, max-image-preview:large, max-video-preview:-1\" \/>\n<link rel=\"canonical\" href=\"https:\/\/www.ppdelugo.com\/es\/lugo-en-marcha-con-el-bienestar-e-igualdad\/\" \/>\n<meta property=\"og:locale\" content=\"es_ES\" \/>\n<meta property=\"og:type\" content=\"article\" \/>\n<meta property=\"og:title\" content=\"LUGO EN MARCHA CON EL BIENESTAR E IGUALDAD - Grupo Municipal Partido Popular de Lugo\" \/>\n<meta property=\"og:description\" content=\"[vc_row type=\u00bbin_container\u00bb full_screen_row_position=\u00bbmiddle\u00bb scene_position=\u00bbcenter\u00bb text_color=\u00bbdark\u00bb text_align=\u00bbleft\u00bb overlay_strength=\u00bb0.3&#8243; shape_divider_position=\u00bbbottom\u00bb shape_type=\u00bb\u00bb][vc_column column_padding=\u00bbno-extra-padding\u00bb column_padding_position=\u00bball\u00bb background_color_opacity=\u00bb1&#8243; background_hover_color_opacity=\u00bb1&#8243; column_link_target=\u00bb_self\u00bb column_shadow=\u00bbnone\u00bb column_border_radius=\u00bbnone\u00bb width=\u00bb1\/1&#8243; tablet_width_inherit=\u00bbdefault\u00bb tablet_text_alignment=\u00bbdefault\u00bb phone_text_alignment=\u00bbdefault\u00bb column_border_width=\u00bbnone\u00bb column_border_style=\u00bbsolid\u00bb][image_with_animation image_url=\u00bb9922&#8243; alignment=\u00bb\u00bb animation=\u00bbFade In\u00bb border_radius=\u00bbnone\u00bb box_shadow=\u00bbnone\u00bb max_width=\u00bb100%\u00bb][\/vc_column][\/vc_row][vc_row type=\u00bbfull_width_background\u00bb...\" \/>\n<meta property=\"og:url\" content=\"https:\/\/www.ppdelugo.com\/es\/lugo-en-marcha-con-el-bienestar-e-igualdad\/\" \/>\n<meta property=\"og:site_name\" content=\"Grupo Municipal Partido Popular de Lugo\" \/>\n<meta property=\"article:modified_time\" content=\"2019-04-26T12:15:58+00:00\" \/>\n<meta name=\"twitter:card\" content=\"summary_large_image\" \/>\n<meta name=\"twitter:label1\" content=\"Tiempo de lectura\" \/>\n\t<meta name=\"twitter:data1\" content=\"6 minutos\" \/>\n<script type=\"application\/ld+json\" class=\"yoast-schema-graph\">{\"@context\":\"https:\\\/\\\/schema.org\",\"@graph\":[{\"@type\":\"WebPage\",\"@id\":\"https:\\\/\\\/www.ppdelugo.com\\\/es\\\/lugo-en-marcha-con-el-bienestar-e-igualdad\\\/\",\"url\":\"https:\\\/\\\/www.ppdelugo.com\\\/es\\\/lugo-en-marcha-con-el-bienestar-e-igualdad\\\/\",\"name\":\"LUGO EN MARCHA CON EL BIENESTAR E IGUALDAD - Grupo Municipal Partido Popular de Lugo\",\"isPartOf\":{\"@id\":\"https:\\\/\\\/www.ppdelugo.com\\\/es\\\/#website\"},\"datePublished\":\"2019-02-19T11:35:32+00:00\",\"dateModified\":\"2019-04-26T12:15:58+00:00\",\"breadcrumb\":{\"@id\":\"https:\\\/\\\/www.ppdelugo.com\\\/es\\\/lugo-en-marcha-con-el-bienestar-e-igualdad\\\/#breadcrumb\"},\"inLanguage\":\"es\",\"potentialAction\":[{\"@type\":\"ReadAction\",\"target\":[\"https:\\\/\\\/www.ppdelugo.com\\\/es\\\/lugo-en-marcha-con-el-bienestar-e-igualdad\\\/\"]}]},{\"@type\":\"BreadcrumbList\",\"@id\":\"https:\\\/\\\/www.ppdelugo.com\\\/es\\\/lugo-en-marcha-con-el-bienestar-e-igualdad\\\/#breadcrumb\",\"itemListElement\":[{\"@type\":\"ListItem\",\"position\":1,\"name\":\"Portada\",\"item\":\"https:\\\/\\\/www.ppdelugo.com\\\/es\\\/\"},{\"@type\":\"ListItem\",\"position\":2,\"name\":\"LUGO EN MARCHA CON EL BIENESTAR E IGUALDAD\"}]},{\"@type\":\"WebSite\",\"@id\":\"https:\\\/\\\/www.ppdelugo.com\\\/es\\\/#website\",\"url\":\"https:\\\/\\\/www.ppdelugo.com\\\/es\\\/\",\"name\":\"Grupo Municipal Partido Popular de Lugo\",\"description\":\"Web del Grupo Municipal del Partido Popular en el Ayuntamiento de Lugo, con informaci\u00f3n sobre Lugo y fomento de la participaci\u00f3n ciudadana\",\"potentialAction\":[{\"@type\":\"SearchAction\",\"target\":{\"@type\":\"EntryPoint\",\"urlTemplate\":\"https:\\\/\\\/www.ppdelugo.com\\\/es\\\/?s={search_term_string}\"},\"query-input\":{\"@type\":\"PropertyValueSpecification\",\"valueRequired\":true,\"valueName\":\"search_term_string\"}}],\"inLanguage\":\"es\"}]}<\/script>\n<!-- \/ Yoast SEO plugin. -->","yoast_head_json":{"title":"LUGO EN MARCHA CON EL BIENESTAR E IGUALDAD - Grupo Municipal Partido Popular de Lugo","robots":{"index":"index","follow":"follow","max-snippet":"max-snippet:-1","max-image-preview":"max-image-preview:large","max-video-preview":"max-video-preview:-1"},"canonical":"https:\/\/www.ppdelugo.com\/es\/lugo-en-marcha-con-el-bienestar-e-igualdad\/","og_locale":"es_ES","og_type":"article","og_title":"LUGO EN MARCHA CON EL BIENESTAR E IGUALDAD - Grupo Municipal Partido Popular de Lugo","og_description":"[vc_row type=\u00bbin_container\u00bb full_screen_row_position=\u00bbmiddle\u00bb scene_position=\u00bbcenter\u00bb text_color=\u00bbdark\u00bb text_align=\u00bbleft\u00bb overlay_strength=\u00bb0.3&#8243; shape_divider_position=\u00bbbottom\u00bb shape_type=\u00bb\u00bb][vc_column column_padding=\u00bbno-extra-padding\u00bb column_padding_position=\u00bball\u00bb background_color_opacity=\u00bb1&#8243; background_hover_color_opacity=\u00bb1&#8243; column_link_target=\u00bb_self\u00bb column_shadow=\u00bbnone\u00bb column_border_radius=\u00bbnone\u00bb width=\u00bb1\/1&#8243; tablet_width_inherit=\u00bbdefault\u00bb tablet_text_alignment=\u00bbdefault\u00bb phone_text_alignment=\u00bbdefault\u00bb column_border_width=\u00bbnone\u00bb column_border_style=\u00bbsolid\u00bb][image_with_animation image_url=\u00bb9922&#8243; alignment=\u00bb\u00bb animation=\u00bbFade In\u00bb border_radius=\u00bbnone\u00bb box_shadow=\u00bbnone\u00bb max_width=\u00bb100%\u00bb][\/vc_column][\/vc_row][vc_row type=\u00bbfull_width_background\u00bb...","og_url":"https:\/\/www.ppdelugo.com\/es\/lugo-en-marcha-con-el-bienestar-e-igualdad\/","og_site_name":"Grupo Municipal Partido Popular de Lugo","article_modified_time":"2019-04-26T12:15:58+00:00","twitter_card":"summary_large_image","twitter_misc":{"Tiempo de lectura":"6 minutos"},"schema":{"@context":"https:\/\/schema.org","@graph":[{"@type":"WebPage","@id":"https:\/\/www.ppdelugo.com\/es\/lugo-en-marcha-con-el-bienestar-e-igualdad\/","url":"https:\/\/www.ppdelugo.com\/es\/lugo-en-marcha-con-el-bienestar-e-igualdad\/","name":"LUGO EN MARCHA CON EL BIENESTAR E IGUALDAD - Grupo Municipal Partido Popular de Lugo","isPartOf":{"@id":"https:\/\/www.ppdelugo.com\/es\/#website"},"datePublished":"2019-02-19T11:35:32+00:00","dateModified":"2019-04-26T12:15:58+00:00","breadcrumb":{"@id":"https:\/\/www.ppdelugo.com\/es\/lugo-en-marcha-con-el-bienestar-e-igualdad\/#breadcrumb"},"inLanguage":"es","potentialAction":[{"@type":"ReadAction","target":["https:\/\/www.ppdelugo.com\/es\/lugo-en-marcha-con-el-bienestar-e-igualdad\/"]}]},{"@type":"BreadcrumbList","@id":"https:\/\/www.ppdelugo.com\/es\/lugo-en-marcha-con-el-bienestar-e-igualdad\/#breadcrumb","itemListElement":[{"@type":"ListItem","position":1,"name":"Portada","item":"https:\/\/www.ppdelugo.com\/es\/"},{"@type":"ListItem","position":2,"name":"LUGO EN MARCHA CON EL BIENESTAR E IGUALDAD"}]},{"@type":"WebSite","@id":"https:\/\/www.ppdelugo.com\/es\/#website","url":"https:\/\/www.ppdelugo.com\/es\/","name":"Grupo Municipal Partido Popular de Lugo","description":"Web del Grupo Municipal del Partido Popular en el Ayuntamiento de Lugo, con informaci\u00f3n sobre Lugo y fomento de la participaci\u00f3n ciudadana","potentialAction":[{"@type":"SearchAction","target":{"@type":"EntryPoint","urlTemplate":"https:\/\/www.ppdelugo.com\/es\/?s={search_term_string}"},"query-input":{"@type":"PropertyValueSpecification","valueRequired":true,"valueName":"search_term_string"}}],"inLanguage":"es"}]}},"_links":{"self":[{"href":"https:\/\/www.ppdelugo.com\/es\/wp-json\/wp\/v2\/pages\/9872","targetHints":{"allow":["GET"]}}],"collection":[{"href":"https:\/\/www.ppdelugo.com\/es\/wp-json\/wp\/v2\/pages"}],"about":[{"href":"https:\/\/www.ppdelugo.com\/es\/wp-json\/wp\/v2\/types\/page"}],"author":[{"embeddable":true,"href":"https:\/\/www.ppdelugo.com\/es\/wp-json\/wp\/v2\/users\/8"}],"replies":[{"embeddable":true,"href":"https:\/\/www.ppdelugo.com\/es\/wp-json\/wp\/v2\/comments?post=9872"}],"version-history":[{"count":0,"href":"https:\/\/www.ppdelugo.com\/es\/wp-json\/wp\/v2\/pages\/9872\/revisions"}],"wp:attachment":[{"href":"https:\/\/www.ppdelugo.com\/es\/wp-json\/wp\/v2\/media?parent=9872"}],"curies":[{"name":"wp","href":"https:\/\/api.w.org\/{rel}","templated":true}]}}